{"id":4403,"date":"2021-02-02T16:36:46","date_gmt":"2021-02-02T15:36:46","guid":{"rendered":"https:\/\/www.7hfargeri.se\/?page_id=4403"},"modified":"2021-02-02T16:37:49","modified_gmt":"2021-02-02T15:37:49","slug":"privacy-policy","status":"publish","type":"page","link":"https:\/\/www.7hfargeri.se\/en\/privacy-policy\/","title":{"rendered":"Privacy Policy"},"content":{"rendered":"<div class=\"wpb-content-wrapper\"><p>[vc_row row_type=&#8221;row&#8221; use_row_as_full_screen_section=&#8221;no&#8221; type=&#8221;full_width&#8221; text_align=&#8221;left&#8221; css=&#8221;.vc_custom_1527599385530{margin-top: 50px !important;margin-bottom: 50px !important;}&#8221;][vc_column][vc_column_text]<\/p>\n<h2>SJUH\u00c4RADSBYGDENS F\u00c4RGERI AB PRIVACY POLICY<\/h2>\n<p>[\/vc_column_text][\/vc_column][\/vc_row][vc_row row_type=&#8221;row&#8221; use_row_as_full_screen_section=&#8221;no&#8221; type=&#8221;full_width&#8221; text_align=&#8221;left&#8221; css=&#8221;.vc_custom_1488455035804{margin-top: 50px !important;}&#8221;][vc_column row_type=&#8221;row&#8221; use_row_as_full_screen_section=&#8221;no&#8221; type=&#8221;full_width&#8221; anchor=&#8221;&#8221; in_content_menu=&#8221;&#8221; content_menu_title=&#8221;&#8221; icon_pack=&#8221;font_awesome&#8221; content_menu_fa_icon=&#8221;&#8221; content_menu_fe_icon=&#8221;arrow_back&#8221; content_menu_linear_icon=&#8221;&#8221; text_align=&#8221;left&#8221; video=&#8221;&#8221; video_overlay=&#8221;&#8221; video_overlay_image=&#8221;&#8221; video_webm=&#8221;&#8221; video_mp4=&#8221;&#8221; video_ogv=&#8221;&#8221; video_image=&#8221;&#8221; background_image=&#8221;&#8221; pattern_background=&#8221;&#8221; full_screen_section_height=&#8221;no&#8221; vertically_align_content_in_middle=&#8221;no&#8221; section_height=&#8221;&#8221; parallax_speed=&#8221;&#8221; background_color=&#8221;&#8221; border_color=&#8221;&#8221; side_padding=&#8221;&#8221; padding_top=&#8221;&#8221; padding_bottom=&#8221;&#8221; color=&#8221;&#8221; hover_color=&#8221;&#8221; more_button_label=&#8221;&#8221; less_button_label=&#8221;&#8221; button_position=&#8221;&#8221; transition_delay=&#8221;&#8221; font_color=&#8221;&#8221; overlay_color=&#8221;&#8221; overlay_color_opacity=&#8221;50&#8243; overlay_pattern=&#8221;&#8221; overlay_pattern_opacity=&#8221;80&#8243;][vc_column_text]<strong>Why should I read this policy?<\/strong><\/p>\n<p>This policy describes how Sjuh\u00e4radsbygdens F\u00e4rgeri AB (hereinafter referred to as us, we) collect, use and protect your personal data.<\/p>\n<p>&nbsp;<\/p>\n<p><strong>What information do you collect about me?<\/strong><\/p>\n<p>We collect information in order to provide a service to you. This includes:<\/p>\n<ul>\n<li>Email<\/li>\n<li>Name<\/li>\n<li>Contact information<\/li>\n<li>Organization number<\/li>\n<li>Address \/ delivery addresses<\/li>\n<li>Order history<\/li>\n<\/ul>\n<p>&nbsp;<\/p>\n<p><strong>How will you use my information?<\/strong><\/p>\n<p>We need to know certain things about you in order to maintain a business relationship and to conduct customer surveys. We will not collect more information than we need to provide our services to you.<\/p>\n<p>&nbsp;<\/p>\n<p><strong>How long do you store my data?<\/strong><\/p>\n<p>We store personal data that can be attributed to you for as long as we have your consent to handle such data.<\/p>\n<p>&nbsp;<\/p>\n<p><strong>Do you share my information?<\/strong><\/p>\n<p>We never sell or share information about you to third parties.<\/p>\n<p>We have procedures in place to ensure that your personal data is handled in a safe and secure manner, and in accordance with applicable laws. You can get more information by sending us an e-mail. (<a href=\"mailto:peter@7hfargeri.se\">peter@7hfargeri.se<\/a>)<\/p>\n<p>&nbsp;<\/p>\n<p><strong>Where do you store my information?<\/strong><\/p>\n<p>Your information is stored at computer servers at Sjuh\u00e4radsbygdens F\u00e4rgeri AB. We hire an external IT company that may access your personal data. Our personal data service agreement with them ensures that your personal data is processed only in accordance with this privacy policy.<\/p>\n<p>&nbsp;<\/p>\n<p><strong>What rights do i have?<\/strong><\/p>\n<p><strong>The right to information:<\/strong>\u00a0You can request a copy of the personal data we have about you.<br \/>\n<strong>Right to make corrections:<\/strong>\u00a0We want to ensure that our information about you is up to date and correct. You can request that your information be corrected or deleted if you believe it to be incorrect.<br \/>\n<strong>The right to be forgotten:<\/strong>\u00a0You can request that we delete your personal data. We can not delete information that the law requires us to retain.<br \/>\n<strong>The right to withdraw consent:<\/strong>\u00a0You can withdraw your consent to share your data by contacting us by e-mail. (<a href=\"mailto:peter@7hfargeri.se\">peter@7hfargeri.se<\/a>)<br \/>\n<strong>Complaints:<\/strong>\u00a0You can submit a complaint to the Swedish Data Inspectorate if you believe that we process your personal data in violation of the Data Protection Ordinance.<\/p>\n<p>&nbsp;<\/p>\n<p><strong>How can I exercise my rights?<\/strong><\/p>\n<p>If you wish to exercise any of your rights, please contact us by the e-mail address at the bottom of this policy. If you wish to submit a complaint to the Data Inspectorate, you must to contact them.<\/p>\n<p>&nbsp;<\/p>\n<p><strong>Updates to this policy<\/strong><\/p>\n<p>We may update this policy from time to time. Such updates will be published on our website.<br \/>\n(<a href=\"https:\/\/www.7hfargeri.se\">www.7hfargeri.se<\/a>)<br \/>\nThis policy was last updated on May 25, 2018.<\/p>\n<p>&nbsp;<\/p>\n<p><strong>How to contact us<\/strong><\/p>\n<p>If you have any questions regarding this policy or how we use your information, or your rights, you can contact us at the following address:<\/p>\n<p>&nbsp;<\/p>\n<p><strong>Peter Engelmann, Deputy MD \/ Finance Manager<br \/>\n<\/strong>Sjuh\u00e4radsbygdens F\u00e4rgeri AB<br \/>\nFritslav\u00e4gen 80<br \/>\n511 04 Kinnahult<br \/>\nE-mail: <a href=\"mailto:peter@7hfargeri.se\">peter@7hfargeri.se<\/a><\/p>\n<p>[\/vc_column_text][\/vc_column][\/vc_row]<\/p>\n<\/div>","protected":false},"excerpt":{"rendered":"<p>[vc_row row_type=&#8221;row&#8221; use_row_as_full_screen_section=&#8221;no&#8221; type=&#8221;full_width&#8221; text_align=&#8221;left&#8221; css=&#8221;.vc_custom_1527599385530{margin-top: 50px !important;margin-bottom: 50px !important;}&#8221;][vc_column][vc_column_text] SJUH\u00c4RADSBYGDENS F\u00c4RGERI AB PRIVACY POLICY [\/vc_column_text][\/vc_column][\/vc_row][vc_row row_type=&#8221;row&#8221; use_row_as_full_screen_section=&#8221;no&#8221; type=&#8221;full_width&#8221; text_align=&#8221;left&#8221; css=&#8221;.vc_custom_1488455035804{margin-top: 50px !important;}&#8221;][vc_column row_type=&#8221;row&#8221; use_row_as_full_screen_section=&#8221;no&#8221; type=&#8221;full_width&#8221; anchor=&#8221;&#8221; in_content_menu=&#8221;&#8221; content_menu_title=&#8221;&#8221; icon_pack=&#8221;font_awesome&#8221; content_menu_fa_icon=&#8221;&#8221; content_menu_fe_icon=&#8221;arrow_back&#8221; content_menu_linear_icon=&#8221;&#8221; text_align=&#8221;left&#8221; video=&#8221;&#8221; video_overlay=&#8221;&#8221; video_overlay_image=&#8221;&#8221; video_webm=&#8221;&#8221; video_mp4=&#8221;&#8221; video_ogv=&#8221;&#8221; video_image=&#8221;&#8221; background_image=&#8221;&#8221; pattern_background=&#8221;&#8221; full_screen_section_height=&#8221;no&#8221; vertically_align_content_in_middle=&#8221;no&#8221;&#8230;<\/p>\n","protected":false},"author":3,"featured_media":0,"parent":0,"menu_order":0,"comment_status":"closed","ping_status":"closed","template":"","meta":{"_acf_changed":false,"_s2mail":"","footnotes":""},"class_list":["post-4403","page","type-page","status-publish","hentry"],"acf":[],"yoast_head":"<!-- This site is optimized with the Yoast SEO plugin v27.4 - https:\/\/yoast.com\/product\/yoast-seo-wordpress\/ -->\n<title>Privacy Policy - 7H F\u00e4rgeri - Garnf\u00e4rgning, Appretur, Beredning och styckf\u00e4rgning<\/title>\n<meta name=\"robots\" content=\"index, follow, max-snippet:-1, max-image-preview:large, max-video-preview:-1\" \/>\n<link rel=\"canonical\" href=\"https:\/\/www.7hfargeri.se\/en\/privacy-policy\/\" \/>\n<meta property=\"og:locale\" content=\"en_US\" \/>\n<meta property=\"og:type\" content=\"article\" \/>\n<meta property=\"og:title\" content=\"Privacy Policy - 7H F\u00e4rgeri - Garnf\u00e4rgning, Appretur, Beredning och styckf\u00e4rgning\" \/>\n<meta property=\"og:description\" content=\"[vc_row row_type=&#8221;row&#8221; use_row_as_full_screen_section=&#8221;no&#8221; type=&#8221;full_width&#8221; text_align=&#8221;left&#8221; css=&#8221;.vc_custom_1527599385530{margin-top: 50px !important;margin-bottom: 50px !important;}&#8221;][vc_column][vc_column_text] SJUH\u00c4RADSBYGDENS F\u00c4RGERI AB PRIVACY POLICY [\/vc_column_text][\/vc_column][\/vc_row][vc_row row_type=&#8221;row&#8221; use_row_as_full_screen_section=&#8221;no&#8221; type=&#8221;full_width&#8221; text_align=&#8221;left&#8221; css=&#8221;.vc_custom_1488455035804{margin-top: 50px !important;}&#8221;][vc_column row_type=&#8221;row&#8221; use_row_as_full_screen_section=&#8221;no&#8221; type=&#8221;full_width&#8221; anchor=&#8221;&#8221; in_content_menu=&#8221;&#8221; content_menu_title=&#8221;&#8221; icon_pack=&#8221;font_awesome&#8221; content_menu_fa_icon=&#8221;&#8221; content_menu_fe_icon=&#8221;arrow_back&#8221; content_menu_linear_icon=&#8221;&#8221; text_align=&#8221;left&#8221; video=&#8221;&#8221; video_overlay=&#8221;&#8221; video_overlay_image=&#8221;&#8221; video_webm=&#8221;&#8221; video_mp4=&#8221;&#8221; video_ogv=&#8221;&#8221; video_image=&#8221;&#8221; background_image=&#8221;&#8221; pattern_background=&#8221;&#8221; full_screen_section_height=&#8221;no&#8221; vertically_align_content_in_middle=&#8221;no&#8221;...\" \/>\n<meta property=\"og:url\" content=\"https:\/\/www.7hfargeri.se\/en\/privacy-policy\/\" \/>\n<meta property=\"og:site_name\" content=\"7H F\u00e4rgeri - Garnf\u00e4rgning, Appretur, Beredning och styckf\u00e4rgning\" \/>\n<meta property=\"article:modified_time\" content=\"2021-02-02T15:37:49+00:00\" \/>\n<meta name=\"twitter:card\" content=\"summary_large_image\" \/>\n<meta name=\"twitter:label1\" content=\"Est. reading time\" \/>\n\t<meta name=\"twitter:data1\" content=\"3 minutes\" \/>\n<script type=\"application\/ld+json\" class=\"yoast-schema-graph\">{\"@context\":\"https:\\\/\\\/schema.org\",\"@graph\":[{\"@type\":\"WebPage\",\"@id\":\"https:\\\/\\\/www.7hfargeri.se\\\/en\\\/privacy-policy\\\/\",\"url\":\"https:\\\/\\\/www.7hfargeri.se\\\/en\\\/privacy-policy\\\/\",\"name\":\"Privacy Policy - 7H F\u00e4rgeri - Garnf\u00e4rgning, Appretur, Beredning och styckf\u00e4rgning\",\"isPartOf\":{\"@id\":\"https:\\\/\\\/www.7hfargeri.se\\\/en\\\/#website\"},\"datePublished\":\"2021-02-02T15:36:46+00:00\",\"dateModified\":\"2021-02-02T15:37:49+00:00\",\"breadcrumb\":{\"@id\":\"https:\\\/\\\/www.7hfargeri.se\\\/en\\\/privacy-policy\\\/#breadcrumb\"},\"inLanguage\":\"en-US\",\"potentialAction\":[{\"@type\":\"ReadAction\",\"target\":[\"https:\\\/\\\/www.7hfargeri.se\\\/en\\\/privacy-policy\\\/\"]}]},{\"@type\":\"BreadcrumbList\",\"@id\":\"https:\\\/\\\/www.7hfargeri.se\\\/en\\\/privacy-policy\\\/#breadcrumb\",\"itemListElement\":[{\"@type\":\"ListItem\",\"position\":1,\"name\":\"Hem\",\"item\":\"https:\\\/\\\/www.7hfargeri.se\\\/en\\\/home\\\/\"},{\"@type\":\"ListItem\",\"position\":2,\"name\":\"Privacy Policy\"}]},{\"@type\":\"WebSite\",\"@id\":\"https:\\\/\\\/www.7hfargeri.se\\\/en\\\/#website\",\"url\":\"https:\\\/\\\/www.7hfargeri.se\\\/en\\\/\",\"name\":\"7H F\u00e4rgeri - Garnf\u00e4rgning, Appretur, Beredning och styckf\u00e4rgning\",\"description\":\"\",\"publisher\":{\"@id\":\"https:\\\/\\\/www.7hfargeri.se\\\/en\\\/#organization\"},\"potentialAction\":[{\"@type\":\"SearchAction\",\"target\":{\"@type\":\"EntryPoint\",\"urlTemplate\":\"https:\\\/\\\/www.7hfargeri.se\\\/en\\\/?s={search_term_string}\"},\"query-input\":{\"@type\":\"PropertyValueSpecification\",\"valueRequired\":true,\"valueName\":\"search_term_string\"}}],\"inLanguage\":\"en-US\"},{\"@type\":\"Organization\",\"@id\":\"https:\\\/\\\/www.7hfargeri.se\\\/en\\\/#organization\",\"name\":\"7H F\u00e4rgeri - Garnf\u00e4rgning, Appretur, Beredning och styckf\u00e4rgning\",\"url\":\"https:\\\/\\\/www.7hfargeri.se\\\/en\\\/\",\"logo\":{\"@type\":\"ImageObject\",\"inLanguage\":\"en-US\",\"@id\":\"https:\\\/\\\/www.7hfargeri.se\\\/en\\\/#\\\/schema\\\/logo\\\/image\\\/\",\"url\":\"https:\\\/\\\/www.7hfargeri.se\\\/wp-content\\\/uploads\\\/2017\\\/02\\\/7hlogo-1.png\",\"contentUrl\":\"https:\\\/\\\/www.7hfargeri.se\\\/wp-content\\\/uploads\\\/2017\\\/02\\\/7hlogo-1.png\",\"width\":315,\"height\":67,\"caption\":\"7H F\u00e4rgeri - Garnf\u00e4rgning, Appretur, Beredning och styckf\u00e4rgning\"},\"image\":{\"@id\":\"https:\\\/\\\/www.7hfargeri.se\\\/en\\\/#\\\/schema\\\/logo\\\/image\\\/\"}}]}<\/script>\n<!-- \/ Yoast SEO plugin. -->","yoast_head_json":{"title":"Privacy Policy - 7H F\u00e4rgeri - Garnf\u00e4rgning, Appretur, Beredning och styckf\u00e4rgning","robots":{"index":"index","follow":"follow","max-snippet":"max-snippet:-1","max-image-preview":"max-image-preview:large","max-video-preview":"max-video-preview:-1"},"canonical":"https:\/\/www.7hfargeri.se\/en\/privacy-policy\/","og_locale":"en_US","og_type":"article","og_title":"Privacy Policy - 7H F\u00e4rgeri - Garnf\u00e4rgning, Appretur, Beredning och styckf\u00e4rgning","og_description":"[vc_row row_type=&#8221;row&#8221; use_row_as_full_screen_section=&#8221;no&#8221; type=&#8221;full_width&#8221; text_align=&#8221;left&#8221; css=&#8221;.vc_custom_1527599385530{margin-top: 50px !important;margin-bottom: 50px !important;}&#8221;][vc_column][vc_column_text] SJUH\u00c4RADSBYGDENS F\u00c4RGERI AB PRIVACY POLICY [\/vc_column_text][\/vc_column][\/vc_row][vc_row row_type=&#8221;row&#8221; use_row_as_full_screen_section=&#8221;no&#8221; type=&#8221;full_width&#8221; text_align=&#8221;left&#8221; css=&#8221;.vc_custom_1488455035804{margin-top: 50px !important;}&#8221;][vc_column row_type=&#8221;row&#8221; use_row_as_full_screen_section=&#8221;no&#8221; type=&#8221;full_width&#8221; anchor=&#8221;&#8221; in_content_menu=&#8221;&#8221; content_menu_title=&#8221;&#8221; icon_pack=&#8221;font_awesome&#8221; content_menu_fa_icon=&#8221;&#8221; content_menu_fe_icon=&#8221;arrow_back&#8221; content_menu_linear_icon=&#8221;&#8221; text_align=&#8221;left&#8221; video=&#8221;&#8221; video_overlay=&#8221;&#8221; video_overlay_image=&#8221;&#8221; video_webm=&#8221;&#8221; video_mp4=&#8221;&#8221; video_ogv=&#8221;&#8221; video_image=&#8221;&#8221; background_image=&#8221;&#8221; pattern_background=&#8221;&#8221; full_screen_section_height=&#8221;no&#8221; vertically_align_content_in_middle=&#8221;no&#8221;...","og_url":"https:\/\/www.7hfargeri.se\/en\/privacy-policy\/","og_site_name":"7H F\u00e4rgeri - Garnf\u00e4rgning, Appretur, Beredning och styckf\u00e4rgning","article_modified_time":"2021-02-02T15:37:49+00:00","twitter_card":"summary_large_image","twitter_misc":{"Est. reading time":"3 minutes"},"schema":{"@context":"https:\/\/schema.org","@graph":[{"@type":"WebPage","@id":"https:\/\/www.7hfargeri.se\/en\/privacy-policy\/","url":"https:\/\/www.7hfargeri.se\/en\/privacy-policy\/","name":"Privacy Policy - 7H F\u00e4rgeri - Garnf\u00e4rgning, Appretur, Beredning och styckf\u00e4rgning","isPartOf":{"@id":"https:\/\/www.7hfargeri.se\/en\/#website"},"datePublished":"2021-02-02T15:36:46+00:00","dateModified":"2021-02-02T15:37:49+00:00","breadcrumb":{"@id":"https:\/\/www.7hfargeri.se\/en\/privacy-policy\/#breadcrumb"},"inLanguage":"en-US","potentialAction":[{"@type":"ReadAction","target":["https:\/\/www.7hfargeri.se\/en\/privacy-policy\/"]}]},{"@type":"BreadcrumbList","@id":"https:\/\/www.7hfargeri.se\/en\/privacy-policy\/#breadcrumb","itemListElement":[{"@type":"ListItem","position":1,"name":"Hem","item":"https:\/\/www.7hfargeri.se\/en\/home\/"},{"@type":"ListItem","position":2,"name":"Privacy Policy"}]},{"@type":"WebSite","@id":"https:\/\/www.7hfargeri.se\/en\/#website","url":"https:\/\/www.7hfargeri.se\/en\/","name":"7H F\u00e4rgeri - Garnf\u00e4rgning, Appretur, Beredning och styckf\u00e4rgning","description":"","publisher":{"@id":"https:\/\/www.7hfargeri.se\/en\/#organization"},"potentialAction":[{"@type":"SearchAction","target":{"@type":"EntryPoint","urlTemplate":"https:\/\/www.7hfargeri.se\/en\/?s={search_term_string}"},"query-input":{"@type":"PropertyValueSpecification","valueRequired":true,"valueName":"search_term_string"}}],"inLanguage":"en-US"},{"@type":"Organization","@id":"https:\/\/www.7hfargeri.se\/en\/#organization","name":"7H F\u00e4rgeri - Garnf\u00e4rgning, Appretur, Beredning och styckf\u00e4rgning","url":"https:\/\/www.7hfargeri.se\/en\/","logo":{"@type":"ImageObject","inLanguage":"en-US","@id":"https:\/\/www.7hfargeri.se\/en\/#\/schema\/logo\/image\/","url":"https:\/\/www.7hfargeri.se\/wp-content\/uploads\/2017\/02\/7hlogo-1.png","contentUrl":"https:\/\/www.7hfargeri.se\/wp-content\/uploads\/2017\/02\/7hlogo-1.png","width":315,"height":67,"caption":"7H F\u00e4rgeri - Garnf\u00e4rgning, Appretur, Beredning och styckf\u00e4rgning"},"image":{"@id":"https:\/\/www.7hfargeri.se\/en\/#\/schema\/logo\/image\/"}}]}},"_links":{"self":[{"href":"https:\/\/www.7hfargeri.se\/en\/wp-json\/wp\/v2\/pages\/4403","targetHints":{"allow":["GET"]}}],"collection":[{"href":"https:\/\/www.7hfargeri.se\/en\/wp-json\/wp\/v2\/pages"}],"about":[{"href":"https:\/\/www.7hfargeri.se\/en\/wp-json\/wp\/v2\/types\/page"}],"author":[{"embeddable":true,"href":"https:\/\/www.7hfargeri.se\/en\/wp-json\/wp\/v2\/users\/3"}],"replies":[{"embeddable":true,"href":"https:\/\/www.7hfargeri.se\/en\/wp-json\/wp\/v2\/comments?post=4403"}],"version-history":[{"count":2,"href":"https:\/\/www.7hfargeri.se\/en\/wp-json\/wp\/v2\/pages\/4403\/revisions"}],"predecessor-version":[{"id":4405,"href":"https:\/\/www.7hfargeri.se\/en\/wp-json\/wp\/v2\/pages\/4403\/revisions\/4405"}],"wp:attachment":[{"href":"https:\/\/www.7hfargeri.se\/en\/wp-json\/wp\/v2\/media?parent=4403"}],"curies":[{"name":"wp","href":"https:\/\/api.w.org\/{rel}","templated":true}]}}