{"id":4381,"date":"2021-02-02T14:51:05","date_gmt":"2021-02-02T13:51:05","guid":{"rendered":"https:\/\/www.7hfargeri.se\/?page_id=4381"},"modified":"2021-02-02T14:51:06","modified_gmt":"2021-02-02T13:51:06","slug":"finishing-processing","status":"publish","type":"page","link":"https:\/\/www.7hfargeri.se\/en\/finishing-processing\/","title":{"rendered":"FINISHING \/ PROCESSING"},"content":{"rendered":"<div class=\"wpb-content-wrapper\"><p>[vc_row row_type=&#8221;row&#8221; use_row_as_full_screen_section=&#8221;no&#8221; type=&#8221;full_width&#8221; text_align=&#8221;left&#8221; css=&#8221;.vc_custom_1488455119534{margin-top: 50px !important;margin-bottom: 50px !important;}&#8221;][vc_column][vc_column_text]<\/p>\n<h1 style=\"font-size: 30px;\">FINISHING \/ PROCESSING<\/h1>\n<p>[\/vc_column_text][\/vc_column][\/vc_row][vc_row row_type=&#8221;row&#8221; use_row_as_full_screen_section=&#8221;no&#8221; type=&#8221;full_width&#8221; text_align=&#8221;left&#8221; css=&#8221;.vc_custom_1488455035804{margin-top: 50px !important;}&#8221;][vc_column width=&#8221;1\/2&#8243;][vc_column_text]We offer processing of pieces\/fabrics. Our combination of technical know-how in processing makes us a complete supplier and partner. We perform most types of processing. See below for a selection of the processing we offer:<\/p>\n<ul>\n<li><strong>Fixation- heat treatment<\/strong><\/li>\n<li><strong>Anti-bacterial treatment<\/strong><\/li>\n<li><strong>Anti-mold treatment<\/strong><\/li>\n<li><strong>Enzyme treatment\u00a0<\/strong><strong>(removes fluff and burling)<\/strong><\/li>\n<li><strong>Fulling<\/strong><\/li>\n<li><strong>Soft treatment<\/strong><\/li>\n<li><strong>Flourcarbon treatment<\/strong><\/li>\n<li><strong>Hartz treatment<\/strong><\/li>\n<li><strong>Anti-static treatment<\/strong><\/li>\n<li><strong>Anti-slip treatment<\/strong><\/li>\n<li><strong>Flame retardant treatments\u00a0<\/strong><strong>(Wash proof, non-wash proof)<\/strong><\/li>\n<li><strong>Spray treatments\u00a0<\/strong><strong>(for sensitive fabrics, e.g. Chenille products)<\/strong><\/li>\n<li><strong>Back coating\/back filling<\/strong><br \/>\n<strong>\u2013 Flame retardation<\/strong><br \/>\n<strong>\u2013 Anti-slip<\/strong><br \/>\n<strong>\u2013 Binding<\/strong><\/li>\n<li><strong>Singeing<\/strong><\/li>\n<li><strong>Mechanical shrinkage &#8211; sanforizing<\/strong><\/li>\n<li><strong>Hot pressing &#8211; mangling<\/strong><\/li>\n<li><strong>Cold mangling<\/strong><\/li>\n<li><strong>Hot mangling<\/strong><\/li>\n<li><strong>Moulting<\/strong><\/li>\n<li><strong>Anti-shrinkage treatment<\/strong><\/li>\n<li><strong>Foulard dyeing<\/strong><\/li>\n<li><strong>Urine-resistant back coating<\/strong><\/li>\n<li><strong>Plush cutting<\/strong><\/li>\n<li><strong>Lamination<\/strong><\/li>\n<\/ul>\n<p>[\/vc_column_text][\/vc_column][vc_column width=&#8221;1\/2&#8243;][vc_gallery interval=&#8221;3&#8243; images=&#8221;4303,4308,4313&#8243; img_size=&#8221;full&#8221;][\/vc_column][\/vc_row][vc_row row_type=&#8221;row&#8221; use_row_as_full_screen_section=&#8221;no&#8221; type=&#8221;full_width&#8221; text_align=&#8221;left&#8221; css=&#8221;.vc_custom_1488455060349{margin-bottom: 50px !important;}&#8221;][vc_column][\/vc_column][\/vc_row]<\/p>\n<\/div>","protected":false},"excerpt":{"rendered":"<p>[vc_row row_type=&#8221;row&#8221; use_row_as_full_screen_section=&#8221;no&#8221; type=&#8221;full_width&#8221; text_align=&#8221;left&#8221; css=&#8221;.vc_custom_1488455119534{margin-top: 50px !important;margin-bottom: 50px !important;}&#8221;][vc_column][vc_column_text] FINISHING \/ PROCESSING [\/vc_column_text][\/vc_column][\/vc_row][vc_row row_type=&#8221;row&#8221; use_row_as_full_screen_section=&#8221;no&#8221; type=&#8221;full_width&#8221; text_align=&#8221;left&#8221; css=&#8221;.vc_custom_1488455035804{margin-top: 50px !important;}&#8221;][vc_column width=&#8221;1\/2&#8243;][vc_column_text]We offer processing of pieces\/fabrics. Our combination of technical know-how in processing makes us a complete supplier and partner. We perform most types of&#8230;<\/p>\n","protected":false},"author":3,"featured_media":0,"parent":0,"menu_order":0,"comment_status":"closed","ping_status":"closed","template":"","meta":{"_acf_changed":false,"_s2mail":"","footnotes":""},"class_list":["post-4381","page","type-page","status-publish","hentry"],"acf":[],"yoast_head":"<!-- This site is optimized with the Yoast SEO plugin v27.4 - https:\/\/yoast.com\/product\/yoast-seo-wordpress\/ -->\n<title>FINISHING \/ PROCESSING - 7H F\u00e4rgeri - Garnf\u00e4rgning, Appretur, Beredning och styckf\u00e4rgning<\/title>\n<meta name=\"robots\" content=\"index, follow, max-snippet:-1, max-image-preview:large, max-video-preview:-1\" \/>\n<link rel=\"canonical\" href=\"https:\/\/www.7hfargeri.se\/en\/finishing-processing\/\" \/>\n<meta property=\"og:locale\" content=\"en_US\" \/>\n<meta property=\"og:type\" content=\"article\" \/>\n<meta property=\"og:title\" content=\"FINISHING \/ PROCESSING - 7H F\u00e4rgeri - Garnf\u00e4rgning, Appretur, Beredning och styckf\u00e4rgning\" \/>\n<meta property=\"og:description\" content=\"[vc_row row_type=&#8221;row&#8221; use_row_as_full_screen_section=&#8221;no&#8221; type=&#8221;full_width&#8221; text_align=&#8221;left&#8221; css=&#8221;.vc_custom_1488455119534{margin-top: 50px !important;margin-bottom: 50px !important;}&#8221;][vc_column][vc_column_text] FINISHING \/ PROCESSING [\/vc_column_text][\/vc_column][\/vc_row][vc_row row_type=&#8221;row&#8221; use_row_as_full_screen_section=&#8221;no&#8221; type=&#8221;full_width&#8221; text_align=&#8221;left&#8221; css=&#8221;.vc_custom_1488455035804{margin-top: 50px !important;}&#8221;][vc_column width=&#8221;1\/2&#8243;][vc_column_text]We offer processing of pieces\/fabrics. Our combination of technical know-how in processing makes us a complete supplier and partner. We perform most types of...\" \/>\n<meta property=\"og:url\" content=\"https:\/\/www.7hfargeri.se\/en\/finishing-processing\/\" \/>\n<meta property=\"og:site_name\" content=\"7H F\u00e4rgeri - Garnf\u00e4rgning, Appretur, Beredning och styckf\u00e4rgning\" \/>\n<meta property=\"article:modified_time\" content=\"2021-02-02T13:51:06+00:00\" \/>\n<meta name=\"twitter:card\" content=\"summary_large_image\" \/>\n<meta name=\"twitter:label1\" content=\"Est. reading time\" \/>\n\t<meta name=\"twitter:data1\" content=\"1 minute\" \/>\n<script type=\"application\/ld+json\" class=\"yoast-schema-graph\">{\"@context\":\"https:\\\/\\\/schema.org\",\"@graph\":[{\"@type\":\"WebPage\",\"@id\":\"https:\\\/\\\/www.7hfargeri.se\\\/en\\\/finishing-processing\\\/\",\"url\":\"https:\\\/\\\/www.7hfargeri.se\\\/en\\\/finishing-processing\\\/\",\"name\":\"FINISHING \\\/ PROCESSING - 7H F\u00e4rgeri - Garnf\u00e4rgning, Appretur, Beredning och styckf\u00e4rgning\",\"isPartOf\":{\"@id\":\"https:\\\/\\\/www.7hfargeri.se\\\/en\\\/#website\"},\"datePublished\":\"2021-02-02T13:51:05+00:00\",\"dateModified\":\"2021-02-02T13:51:06+00:00\",\"breadcrumb\":{\"@id\":\"https:\\\/\\\/www.7hfargeri.se\\\/en\\\/finishing-processing\\\/#breadcrumb\"},\"inLanguage\":\"en-US\",\"potentialAction\":[{\"@type\":\"ReadAction\",\"target\":[\"https:\\\/\\\/www.7hfargeri.se\\\/en\\\/finishing-processing\\\/\"]}]},{\"@type\":\"BreadcrumbList\",\"@id\":\"https:\\\/\\\/www.7hfargeri.se\\\/en\\\/finishing-processing\\\/#breadcrumb\",\"itemListElement\":[{\"@type\":\"ListItem\",\"position\":1,\"name\":\"Hem\",\"item\":\"https:\\\/\\\/www.7hfargeri.se\\\/en\\\/home\\\/\"},{\"@type\":\"ListItem\",\"position\":2,\"name\":\"FINISHING \\\/ PROCESSING\"}]},{\"@type\":\"WebSite\",\"@id\":\"https:\\\/\\\/www.7hfargeri.se\\\/en\\\/#website\",\"url\":\"https:\\\/\\\/www.7hfargeri.se\\\/en\\\/\",\"name\":\"7H F\u00e4rgeri - Garnf\u00e4rgning, Appretur, Beredning och styckf\u00e4rgning\",\"description\":\"\",\"publisher\":{\"@id\":\"https:\\\/\\\/www.7hfargeri.se\\\/en\\\/#organization\"},\"potentialAction\":[{\"@type\":\"SearchAction\",\"target\":{\"@type\":\"EntryPoint\",\"urlTemplate\":\"https:\\\/\\\/www.7hfargeri.se\\\/en\\\/?s={search_term_string}\"},\"query-input\":{\"@type\":\"PropertyValueSpecification\",\"valueRequired\":true,\"valueName\":\"search_term_string\"}}],\"inLanguage\":\"en-US\"},{\"@type\":\"Organization\",\"@id\":\"https:\\\/\\\/www.7hfargeri.se\\\/en\\\/#organization\",\"name\":\"7H F\u00e4rgeri - Garnf\u00e4rgning, Appretur, Beredning och styckf\u00e4rgning\",\"url\":\"https:\\\/\\\/www.7hfargeri.se\\\/en\\\/\",\"logo\":{\"@type\":\"ImageObject\",\"inLanguage\":\"en-US\",\"@id\":\"https:\\\/\\\/www.7hfargeri.se\\\/en\\\/#\\\/schema\\\/logo\\\/image\\\/\",\"url\":\"https:\\\/\\\/www.7hfargeri.se\\\/wp-content\\\/uploads\\\/2017\\\/02\\\/7hlogo-1.png\",\"contentUrl\":\"https:\\\/\\\/www.7hfargeri.se\\\/wp-content\\\/uploads\\\/2017\\\/02\\\/7hlogo-1.png\",\"width\":315,\"height\":67,\"caption\":\"7H F\u00e4rgeri - Garnf\u00e4rgning, Appretur, Beredning och styckf\u00e4rgning\"},\"image\":{\"@id\":\"https:\\\/\\\/www.7hfargeri.se\\\/en\\\/#\\\/schema\\\/logo\\\/image\\\/\"}}]}<\/script>\n<!-- \/ Yoast SEO plugin. -->","yoast_head_json":{"title":"FINISHING \/ PROCESSING - 7H F\u00e4rgeri - Garnf\u00e4rgning, Appretur, Beredning och styckf\u00e4rgning","robots":{"index":"index","follow":"follow","max-snippet":"max-snippet:-1","max-image-preview":"max-image-preview:large","max-video-preview":"max-video-preview:-1"},"canonical":"https:\/\/www.7hfargeri.se\/en\/finishing-processing\/","og_locale":"en_US","og_type":"article","og_title":"FINISHING \/ PROCESSING - 7H F\u00e4rgeri - Garnf\u00e4rgning, Appretur, Beredning och styckf\u00e4rgning","og_description":"[vc_row row_type=&#8221;row&#8221; use_row_as_full_screen_section=&#8221;no&#8221; type=&#8221;full_width&#8221; text_align=&#8221;left&#8221; css=&#8221;.vc_custom_1488455119534{margin-top: 50px !important;margin-bottom: 50px !important;}&#8221;][vc_column][vc_column_text] FINISHING \/ PROCESSING [\/vc_column_text][\/vc_column][\/vc_row][vc_row row_type=&#8221;row&#8221; use_row_as_full_screen_section=&#8221;no&#8221; type=&#8221;full_width&#8221; text_align=&#8221;left&#8221; css=&#8221;.vc_custom_1488455035804{margin-top: 50px !important;}&#8221;][vc_column width=&#8221;1\/2&#8243;][vc_column_text]We offer processing of pieces\/fabrics. Our combination of technical know-how in processing makes us a complete supplier and partner. We perform most types of...","og_url":"https:\/\/www.7hfargeri.se\/en\/finishing-processing\/","og_site_name":"7H F\u00e4rgeri - Garnf\u00e4rgning, Appretur, Beredning och styckf\u00e4rgning","article_modified_time":"2021-02-02T13:51:06+00:00","twitter_card":"summary_large_image","twitter_misc":{"Est. reading time":"1 minute"},"schema":{"@context":"https:\/\/schema.org","@graph":[{"@type":"WebPage","@id":"https:\/\/www.7hfargeri.se\/en\/finishing-processing\/","url":"https:\/\/www.7hfargeri.se\/en\/finishing-processing\/","name":"FINISHING \/ PROCESSING - 7H F\u00e4rgeri - Garnf\u00e4rgning, Appretur, Beredning och styckf\u00e4rgning","isPartOf":{"@id":"https:\/\/www.7hfargeri.se\/en\/#website"},"datePublished":"2021-02-02T13:51:05+00:00","dateModified":"2021-02-02T13:51:06+00:00","breadcrumb":{"@id":"https:\/\/www.7hfargeri.se\/en\/finishing-processing\/#breadcrumb"},"inLanguage":"en-US","potentialAction":[{"@type":"ReadAction","target":["https:\/\/www.7hfargeri.se\/en\/finishing-processing\/"]}]},{"@type":"BreadcrumbList","@id":"https:\/\/www.7hfargeri.se\/en\/finishing-processing\/#breadcrumb","itemListElement":[{"@type":"ListItem","position":1,"name":"Hem","item":"https:\/\/www.7hfargeri.se\/en\/home\/"},{"@type":"ListItem","position":2,"name":"FINISHING \/ PROCESSING"}]},{"@type":"WebSite","@id":"https:\/\/www.7hfargeri.se\/en\/#website","url":"https:\/\/www.7hfargeri.se\/en\/","name":"7H F\u00e4rgeri - Garnf\u00e4rgning, Appretur, Beredning och styckf\u00e4rgning","description":"","publisher":{"@id":"https:\/\/www.7hfargeri.se\/en\/#organization"},"potentialAction":[{"@type":"SearchAction","target":{"@type":"EntryPoint","urlTemplate":"https:\/\/www.7hfargeri.se\/en\/?s={search_term_string}"},"query-input":{"@type":"PropertyValueSpecification","valueRequired":true,"valueName":"search_term_string"}}],"inLanguage":"en-US"},{"@type":"Organization","@id":"https:\/\/www.7hfargeri.se\/en\/#organization","name":"7H F\u00e4rgeri - Garnf\u00e4rgning, Appretur, Beredning och styckf\u00e4rgning","url":"https:\/\/www.7hfargeri.se\/en\/","logo":{"@type":"ImageObject","inLanguage":"en-US","@id":"https:\/\/www.7hfargeri.se\/en\/#\/schema\/logo\/image\/","url":"https:\/\/www.7hfargeri.se\/wp-content\/uploads\/2017\/02\/7hlogo-1.png","contentUrl":"https:\/\/www.7hfargeri.se\/wp-content\/uploads\/2017\/02\/7hlogo-1.png","width":315,"height":67,"caption":"7H F\u00e4rgeri - Garnf\u00e4rgning, Appretur, Beredning och styckf\u00e4rgning"},"image":{"@id":"https:\/\/www.7hfargeri.se\/en\/#\/schema\/logo\/image\/"}}]}},"_links":{"self":[{"href":"https:\/\/www.7hfargeri.se\/en\/wp-json\/wp\/v2\/pages\/4381","targetHints":{"allow":["GET"]}}],"collection":[{"href":"https:\/\/www.7hfargeri.se\/en\/wp-json\/wp\/v2\/pages"}],"about":[{"href":"https:\/\/www.7hfargeri.se\/en\/wp-json\/wp\/v2\/types\/page"}],"author":[{"embeddable":true,"href":"https:\/\/www.7hfargeri.se\/en\/wp-json\/wp\/v2\/users\/3"}],"replies":[{"embeddable":true,"href":"https:\/\/www.7hfargeri.se\/en\/wp-json\/wp\/v2\/comments?post=4381"}],"version-history":[{"count":2,"href":"https:\/\/www.7hfargeri.se\/en\/wp-json\/wp\/v2\/pages\/4381\/revisions"}],"predecessor-version":[{"id":4383,"href":"https:\/\/www.7hfargeri.se\/en\/wp-json\/wp\/v2\/pages\/4381\/revisions\/4383"}],"wp:attachment":[{"href":"https:\/\/www.7hfargeri.se\/en\/wp-json\/wp\/v2\/media?parent=4381"}],"curies":[{"name":"wp","href":"https:\/\/api.w.org\/{rel}","templated":true}]}}