{"id":4415,"date":"2021-02-09T14:22:02","date_gmt":"2021-02-09T13:22:02","guid":{"rendered":"https:\/\/www.7hfargeri.se\/?page_id=4415"},"modified":"2021-02-09T14:22:02","modified_gmt":"2021-02-09T13:22:02","slug":"appretur-verarbeitung","status":"publish","type":"page","link":"https:\/\/www.7hfargeri.se\/de\/appretur-verarbeitung\/","title":{"rendered":"Appretur\/Verarbeitung"},"content":{"rendered":"<div class=\"wpb-content-wrapper\"><p>[vc_row row_type=&#8221;row&#8221; use_row_as_full_screen_section=&#8221;no&#8221; type=&#8221;full_width&#8221; text_align=&#8221;left&#8221; css=&#8221;.vc_custom_1488455119534{margin-top: 50px !important;margin-bottom: 50px !important;}&#8221;][vc_column][vc_column_text]<\/p>\n<h1 style=\"font-size: 30px;\">Appretur\/Verarbeitung<\/h1>\n<p>[\/vc_column_text][\/vc_column][\/vc_row][vc_row row_type=&#8221;row&#8221; use_row_as_full_screen_section=&#8221;no&#8221; type=&#8221;full_width&#8221; text_align=&#8221;left&#8221; css=&#8221;.vc_custom_1488455035804{margin-top: 50px !important;}&#8221;][vc_column width=&#8221;1\/2&#8243;][vc_column_text]Wir bieten die Verarbeitung von St\u00fcck- und Meterware an. Die Kombination von technischem Know-How in der Verarbeitung macht uns zu einem ganzheitlichen Kooperationspartner. Wir f\u00fchren Verarbeitungen in nahezu allen Bereichen aus, aufgelistet sind einige der Verarbeitungen, die wir anbieten:<\/p>\n<p>&nbsp;<\/p>\n<ul>\n<li><strong>Fixierung- und W\u00e4rmebehandlung<\/strong><\/li>\n<li><strong>Antibakterielle Behandlung<\/strong><\/li>\n<li><strong>Anti-Schimmel-Behandlung<\/strong><\/li>\n<li><strong>Enzymbehandlung (entfernt Fussel)<\/strong><\/li>\n<li><strong>Walken<\/strong><\/li>\n<li><strong>Erweichen<\/strong><\/li>\n<li><strong>Fluorcarbon-Behandlung<\/strong><\/li>\n<li><strong>Harzbehandlung<\/strong><\/li>\n<li><strong>Antistatik Behandlung<\/strong><\/li>\n<li><strong>Antirutsch Behandlung<\/strong><\/li>\n<li><strong>Flammenschutzbehandlung (waschecht &amp; nicht waschecht)<\/strong><\/li>\n<li><strong>Spritzbehandlung (f\u00fcr empfindliche Ware vom Typ Chenile)<\/strong><\/li>\n<li><strong>R\u00fcckseitenbelag\/F\u00fcllung<\/strong><\/li>\n<\/ul>\n<ul>\n<li><strong>Flammenschutz<\/strong><\/li>\n<li><strong>Antirutsch<\/strong><\/li>\n<li><strong>Bindend<\/strong><\/li>\n<\/ul>\n<ul>\n<li><strong>Versengung<\/strong><\/li>\n<li><strong>Mechanisches Schrumpfen \u2013 Sanforisieren<\/strong><\/li>\n<li><strong>Hei\u00dfpressen \u2013 Mangeln<\/strong><\/li>\n<li><strong>Kaltmangel<\/strong><\/li>\n<li><strong>Hei\u00dfmangel<\/strong><\/li>\n<li><strong>Aufrauen<\/strong><\/li>\n<li><strong>Antischrumpf Behandlung<\/strong><\/li>\n<li><strong>Foulard-F\u00e4rbung<\/strong><\/li>\n<li><strong>Urinbest\u00e4ndiger R\u00fcckseitenbelag<\/strong><\/li>\n<li><strong>Pl\u00fcsch-Schneiden<\/strong><\/li>\n<li><strong>Laminierung<\/strong><\/li>\n<\/ul>\n<p>[\/vc_column_text][\/vc_column][vc_column width=&#8221;1\/2&#8243;][vc_gallery interval=&#8221;3&#8243; images=&#8221;4304,4309,4314&#8243; img_size=&#8221;full&#8221;][\/vc_column][\/vc_row][vc_row row_type=&#8221;row&#8221; use_row_as_full_screen_section=&#8221;no&#8221; type=&#8221;full_width&#8221; text_align=&#8221;left&#8221; css=&#8221;.vc_custom_1488455060349{margin-bottom: 50px !important;}&#8221;][vc_column][\/vc_column][\/vc_row]<\/p>\n<\/div>","protected":false},"excerpt":{"rendered":"<p>[vc_row row_type=&#8221;row&#8221; use_row_as_full_screen_section=&#8221;no&#8221; type=&#8221;full_width&#8221; text_align=&#8221;left&#8221; css=&#8221;.vc_custom_1488455119534{margin-top: 50px !important;margin-bottom: 50px !important;}&#8221;][vc_column][vc_column_text] Appretur\/Verarbeitung [\/vc_column_text][\/vc_column][\/vc_row][vc_row row_type=&#8221;row&#8221; use_row_as_full_screen_section=&#8221;no&#8221; type=&#8221;full_width&#8221; text_align=&#8221;left&#8221; css=&#8221;.vc_custom_1488455035804{margin-top: 50px !important;}&#8221;][vc_column width=&#8221;1\/2&#8243;][vc_column_text]Wir bieten die Verarbeitung von St\u00fcck- und Meterware an. Die Kombination von technischem Know-How in der Verarbeitung macht uns zu einem ganzheitlichen Kooperationspartner. Wir f\u00fchren Verarbeitungen&#8230;<\/p>\n","protected":false},"author":3,"featured_media":0,"parent":0,"menu_order":0,"comment_status":"closed","ping_status":"closed","template":"","meta":{"_acf_changed":false,"_s2mail":"","footnotes":""},"class_list":["post-4415","page","type-page","status-publish","hentry"],"acf":[],"yoast_head":"<!-- This site is optimized with the Yoast SEO plugin v27.5 - https:\/\/yoast.com\/product\/yoast-seo-wordpress\/ -->\n<title>Appretur\/Verarbeitung - 7H F\u00e4rgeri - Garnf\u00e4rgning, Appretur, Beredning och styckf\u00e4rgning<\/title>\n<meta name=\"robots\" content=\"index, follow, max-snippet:-1, max-image-preview:large, max-video-preview:-1\" \/>\n<link rel=\"canonical\" href=\"https:\/\/www.7hfargeri.se\/de\/appretur-verarbeitung\/\" \/>\n<meta property=\"og:locale\" content=\"de_DE\" \/>\n<meta property=\"og:type\" content=\"article\" \/>\n<meta property=\"og:title\" content=\"Appretur\/Verarbeitung - 7H F\u00e4rgeri - Garnf\u00e4rgning, Appretur, Beredning och styckf\u00e4rgning\" \/>\n<meta property=\"og:description\" content=\"[vc_row row_type=&#8221;row&#8221; use_row_as_full_screen_section=&#8221;no&#8221; type=&#8221;full_width&#8221; text_align=&#8221;left&#8221; css=&#8221;.vc_custom_1488455119534{margin-top: 50px !important;margin-bottom: 50px !important;}&#8221;][vc_column][vc_column_text] Appretur\/Verarbeitung [\/vc_column_text][\/vc_column][\/vc_row][vc_row row_type=&#8221;row&#8221; use_row_as_full_screen_section=&#8221;no&#8221; type=&#8221;full_width&#8221; text_align=&#8221;left&#8221; css=&#8221;.vc_custom_1488455035804{margin-top: 50px !important;}&#8221;][vc_column width=&#8221;1\/2&#8243;][vc_column_text]Wir bieten die Verarbeitung von St\u00fcck- und Meterware an. Die Kombination von technischem Know-How in der Verarbeitung macht uns zu einem ganzheitlichen Kooperationspartner. Wir f\u00fchren Verarbeitungen...\" \/>\n<meta property=\"og:url\" content=\"https:\/\/www.7hfargeri.se\/de\/appretur-verarbeitung\/\" \/>\n<meta property=\"og:site_name\" content=\"7H F\u00e4rgeri - Garnf\u00e4rgning, Appretur, Beredning och styckf\u00e4rgning\" \/>\n<meta name=\"twitter:card\" content=\"summary_large_image\" \/>\n<meta name=\"twitter:label1\" content=\"Gesch\u00e4tzte Lesezeit\" \/>\n\t<meta name=\"twitter:data1\" content=\"1\u00a0Minute\" \/>\n<script type=\"application\/ld+json\" class=\"yoast-schema-graph\">{\"@context\":\"https:\\\/\\\/schema.org\",\"@graph\":[{\"@type\":\"WebPage\",\"@id\":\"https:\\\/\\\/www.7hfargeri.se\\\/de\\\/appretur-verarbeitung\\\/\",\"url\":\"https:\\\/\\\/www.7hfargeri.se\\\/de\\\/appretur-verarbeitung\\\/\",\"name\":\"Appretur\\\/Verarbeitung - 7H F\u00e4rgeri - Garnf\u00e4rgning, Appretur, Beredning och styckf\u00e4rgning\",\"isPartOf\":{\"@id\":\"https:\\\/\\\/www.7hfargeri.se\\\/de\\\/#website\"},\"datePublished\":\"2021-02-09T13:22:02+00:00\",\"breadcrumb\":{\"@id\":\"https:\\\/\\\/www.7hfargeri.se\\\/de\\\/appretur-verarbeitung\\\/#breadcrumb\"},\"inLanguage\":\"de\",\"potentialAction\":[{\"@type\":\"ReadAction\",\"target\":[\"https:\\\/\\\/www.7hfargeri.se\\\/de\\\/appretur-verarbeitung\\\/\"]}]},{\"@type\":\"BreadcrumbList\",\"@id\":\"https:\\\/\\\/www.7hfargeri.se\\\/de\\\/appretur-verarbeitung\\\/#breadcrumb\",\"itemListElement\":[{\"@type\":\"ListItem\",\"position\":1,\"name\":\"Hem\",\"item\":\"https:\\\/\\\/www.7hfargeri.se\\\/de\\\/zuhause\\\/\"},{\"@type\":\"ListItem\",\"position\":2,\"name\":\"Appretur\\\/Verarbeitung\"}]},{\"@type\":\"WebSite\",\"@id\":\"https:\\\/\\\/www.7hfargeri.se\\\/de\\\/#website\",\"url\":\"https:\\\/\\\/www.7hfargeri.se\\\/de\\\/\",\"name\":\"7H F\u00e4rgeri - Garnf\u00e4rgning, Appretur, Beredning och styckf\u00e4rgning\",\"description\":\"\",\"publisher\":{\"@id\":\"https:\\\/\\\/www.7hfargeri.se\\\/de\\\/#organization\"},\"potentialAction\":[{\"@type\":\"SearchAction\",\"target\":{\"@type\":\"EntryPoint\",\"urlTemplate\":\"https:\\\/\\\/www.7hfargeri.se\\\/de\\\/?s={search_term_string}\"},\"query-input\":{\"@type\":\"PropertyValueSpecification\",\"valueRequired\":true,\"valueName\":\"search_term_string\"}}],\"inLanguage\":\"de\"},{\"@type\":\"Organization\",\"@id\":\"https:\\\/\\\/www.7hfargeri.se\\\/de\\\/#organization\",\"name\":\"7H F\u00e4rgeri - Garnf\u00e4rgning, Appretur, Beredning och styckf\u00e4rgning\",\"url\":\"https:\\\/\\\/www.7hfargeri.se\\\/de\\\/\",\"logo\":{\"@type\":\"ImageObject\",\"inLanguage\":\"de\",\"@id\":\"https:\\\/\\\/www.7hfargeri.se\\\/de\\\/#\\\/schema\\\/logo\\\/image\\\/\",\"url\":\"https:\\\/\\\/www.7hfargeri.se\\\/wp-content\\\/uploads\\\/2017\\\/02\\\/7hlogo-1.png\",\"contentUrl\":\"https:\\\/\\\/www.7hfargeri.se\\\/wp-content\\\/uploads\\\/2017\\\/02\\\/7hlogo-1.png\",\"width\":315,\"height\":67,\"caption\":\"7H F\u00e4rgeri - Garnf\u00e4rgning, Appretur, Beredning och styckf\u00e4rgning\"},\"image\":{\"@id\":\"https:\\\/\\\/www.7hfargeri.se\\\/de\\\/#\\\/schema\\\/logo\\\/image\\\/\"}}]}<\/script>\n<!-- \/ Yoast SEO plugin. -->","yoast_head_json":{"title":"Appretur\/Verarbeitung - 7H F\u00e4rgeri - Garnf\u00e4rgning, Appretur, Beredning och styckf\u00e4rgning","robots":{"index":"index","follow":"follow","max-snippet":"max-snippet:-1","max-image-preview":"max-image-preview:large","max-video-preview":"max-video-preview:-1"},"canonical":"https:\/\/www.7hfargeri.se\/de\/appretur-verarbeitung\/","og_locale":"de_DE","og_type":"article","og_title":"Appretur\/Verarbeitung - 7H F\u00e4rgeri - Garnf\u00e4rgning, Appretur, Beredning och styckf\u00e4rgning","og_description":"[vc_row row_type=&#8221;row&#8221; use_row_as_full_screen_section=&#8221;no&#8221; type=&#8221;full_width&#8221; text_align=&#8221;left&#8221; css=&#8221;.vc_custom_1488455119534{margin-top: 50px !important;margin-bottom: 50px !important;}&#8221;][vc_column][vc_column_text] Appretur\/Verarbeitung [\/vc_column_text][\/vc_column][\/vc_row][vc_row row_type=&#8221;row&#8221; use_row_as_full_screen_section=&#8221;no&#8221; type=&#8221;full_width&#8221; text_align=&#8221;left&#8221; css=&#8221;.vc_custom_1488455035804{margin-top: 50px !important;}&#8221;][vc_column width=&#8221;1\/2&#8243;][vc_column_text]Wir bieten die Verarbeitung von St\u00fcck- und Meterware an. Die Kombination von technischem Know-How in der Verarbeitung macht uns zu einem ganzheitlichen Kooperationspartner. Wir f\u00fchren Verarbeitungen...","og_url":"https:\/\/www.7hfargeri.se\/de\/appretur-verarbeitung\/","og_site_name":"7H F\u00e4rgeri - Garnf\u00e4rgning, Appretur, Beredning och styckf\u00e4rgning","twitter_card":"summary_large_image","twitter_misc":{"Gesch\u00e4tzte Lesezeit":"1\u00a0Minute"},"schema":{"@context":"https:\/\/schema.org","@graph":[{"@type":"WebPage","@id":"https:\/\/www.7hfargeri.se\/de\/appretur-verarbeitung\/","url":"https:\/\/www.7hfargeri.se\/de\/appretur-verarbeitung\/","name":"Appretur\/Verarbeitung - 7H F\u00e4rgeri - Garnf\u00e4rgning, Appretur, Beredning och styckf\u00e4rgning","isPartOf":{"@id":"https:\/\/www.7hfargeri.se\/de\/#website"},"datePublished":"2021-02-09T13:22:02+00:00","breadcrumb":{"@id":"https:\/\/www.7hfargeri.se\/de\/appretur-verarbeitung\/#breadcrumb"},"inLanguage":"de","potentialAction":[{"@type":"ReadAction","target":["https:\/\/www.7hfargeri.se\/de\/appretur-verarbeitung\/"]}]},{"@type":"BreadcrumbList","@id":"https:\/\/www.7hfargeri.se\/de\/appretur-verarbeitung\/#breadcrumb","itemListElement":[{"@type":"ListItem","position":1,"name":"Hem","item":"https:\/\/www.7hfargeri.se\/de\/zuhause\/"},{"@type":"ListItem","position":2,"name":"Appretur\/Verarbeitung"}]},{"@type":"WebSite","@id":"https:\/\/www.7hfargeri.se\/de\/#website","url":"https:\/\/www.7hfargeri.se\/de\/","name":"7H F\u00e4rgeri - Garnf\u00e4rgning, Appretur, Beredning och styckf\u00e4rgning","description":"","publisher":{"@id":"https:\/\/www.7hfargeri.se\/de\/#organization"},"potentialAction":[{"@type":"SearchAction","target":{"@type":"EntryPoint","urlTemplate":"https:\/\/www.7hfargeri.se\/de\/?s={search_term_string}"},"query-input":{"@type":"PropertyValueSpecification","valueRequired":true,"valueName":"search_term_string"}}],"inLanguage":"de"},{"@type":"Organization","@id":"https:\/\/www.7hfargeri.se\/de\/#organization","name":"7H F\u00e4rgeri - Garnf\u00e4rgning, Appretur, Beredning och styckf\u00e4rgning","url":"https:\/\/www.7hfargeri.se\/de\/","logo":{"@type":"ImageObject","inLanguage":"de","@id":"https:\/\/www.7hfargeri.se\/de\/#\/schema\/logo\/image\/","url":"https:\/\/www.7hfargeri.se\/wp-content\/uploads\/2017\/02\/7hlogo-1.png","contentUrl":"https:\/\/www.7hfargeri.se\/wp-content\/uploads\/2017\/02\/7hlogo-1.png","width":315,"height":67,"caption":"7H F\u00e4rgeri - Garnf\u00e4rgning, Appretur, Beredning och styckf\u00e4rgning"},"image":{"@id":"https:\/\/www.7hfargeri.se\/de\/#\/schema\/logo\/image\/"}}]}},"_links":{"self":[{"href":"https:\/\/www.7hfargeri.se\/de\/wp-json\/wp\/v2\/pages\/4415","targetHints":{"allow":["GET"]}}],"collection":[{"href":"https:\/\/www.7hfargeri.se\/de\/wp-json\/wp\/v2\/pages"}],"about":[{"href":"https:\/\/www.7hfargeri.se\/de\/wp-json\/wp\/v2\/types\/page"}],"author":[{"embeddable":true,"href":"https:\/\/www.7hfargeri.se\/de\/wp-json\/wp\/v2\/users\/3"}],"replies":[{"embeddable":true,"href":"https:\/\/www.7hfargeri.se\/de\/wp-json\/wp\/v2\/comments?post=4415"}],"version-history":[{"count":2,"href":"https:\/\/www.7hfargeri.se\/de\/wp-json\/wp\/v2\/pages\/4415\/revisions"}],"predecessor-version":[{"id":4417,"href":"https:\/\/www.7hfargeri.se\/de\/wp-json\/wp\/v2\/pages\/4415\/revisions\/4417"}],"wp:attachment":[{"href":"https:\/\/www.7hfargeri.se\/de\/wp-json\/wp\/v2\/media?parent=4415"}],"curies":[{"name":"wp","href":"https:\/\/api.w.org\/{rel}","templated":true}]}}