{"id":4410,"date":"2021-02-09T14:17:26","date_gmt":"2021-02-09T13:17:26","guid":{"rendered":"https:\/\/www.7hfargeri.se\/?page_id=4410"},"modified":"2021-02-09T14:20:26","modified_gmt":"2021-02-09T13:20:26","slug":"garnfaerbung","status":"publish","type":"page","link":"https:\/\/www.7hfargeri.se\/de\/garnfaerbung\/","title":{"rendered":"Garnf\u00e4rbung"},"content":{"rendered":"<div class=\"wpb-content-wrapper\"><p>[vc_row row_type=&#8221;row&#8221; use_row_as_full_screen_section=&#8221;no&#8221; type=&#8221;full_width&#8221; text_align=&#8221;left&#8221; css=&#8221;.vc_custom_1488455119534{margin-top: 50px !important;margin-bottom: 50px !important;}&#8221;][vc_column][vc_column_text]<\/p>\n<h1 style=\"font-size: 30px;\">Garnf\u00e4rbung<\/h1>\n<p>[\/vc_column_text][\/vc_column][\/vc_row][vc_row row_type=&#8221;row&#8221; use_row_as_full_screen_section=&#8221;no&#8221; type=&#8221;full_width&#8221; text_align=&#8221;left&#8221; css=&#8221;.vc_custom_1488455035804{margin-top: 50px !important;}&#8221;][vc_column width=&#8221;1\/2&#8243;][vc_column_text]7H bietet Konen- und Haspelf\u00e4rbungen an. Unsere moderne Garnf\u00e4rbeanlage und die Zusammenarbeit mit Lieferanten und Hochschulen machen uns zu einem ganzheitlichen Kooperationspartner in der Garnf\u00e4rberei.<span class=\"Apple-converted-space\">\u00a0<\/span><\/p>\n<p>Wir bieten das F\u00e4rben des kundeneigenen Garns an, aber verkaufen auch fertig gef\u00e4rbtes Garn, gem\u00e4\u00df den Spezifikationen der Kunden. Wir bieten unterschiedliche Mengen von 1 kg bis zu 1200 kg an. Ausser dem traditionellen F\u00e4rben, Waschen und Bleichen von Garn f\u00fchren wir auch Behandlungen auf Wunsch der Kunden aus, wie zum Beispiel:<\/p>\n<p>&nbsp;<\/p>\n<ul>\n<li><strong>Flammenschutzbehandlung<\/strong><\/li>\n<li><strong>Antistatik-Behandlung<\/strong><\/li>\n<li><strong>Wachsen<\/strong><\/li>\n<\/ul>\n<p>[\/vc_column_text][\/vc_column][vc_column width=&#8221;1\/2&#8243;][vc_gallery interval=&#8221;3&#8243; images=&#8221;4283,4288&#8243; img_size=&#8221;full&#8221;][\/vc_column][\/vc_row][vc_row row_type=&#8221;row&#8221; use_row_as_full_screen_section=&#8221;no&#8221; type=&#8221;full_width&#8221; text_align=&#8221;left&#8221; css=&#8221;.vc_custom_1488455060349{margin-bottom: 50px !important;}&#8221;][vc_column][\/vc_column][\/vc_row]<\/p>\n<\/div>","protected":false},"excerpt":{"rendered":"<p>[vc_row row_type=&#8221;row&#8221; use_row_as_full_screen_section=&#8221;no&#8221; type=&#8221;full_width&#8221; text_align=&#8221;left&#8221; css=&#8221;.vc_custom_1488455119534{margin-top: 50px !important;margin-bottom: 50px !important;}&#8221;][vc_column][vc_column_text] Garnf\u00e4rbung [\/vc_column_text][\/vc_column][\/vc_row][vc_row row_type=&#8221;row&#8221; use_row_as_full_screen_section=&#8221;no&#8221; type=&#8221;full_width&#8221; text_align=&#8221;left&#8221; css=&#8221;.vc_custom_1488455035804{margin-top: 50px !important;}&#8221;][vc_column width=&#8221;1\/2&#8243;][vc_column_text]7H bietet Konen- und Haspelf\u00e4rbungen an. Unsere moderne Garnf\u00e4rbeanlage und die Zusammenarbeit mit Lieferanten und Hochschulen machen uns zu einem ganzheitlichen Kooperationspartner in der Garnf\u00e4rberei.\u00a0 Wir&#8230;<\/p>\n","protected":false},"author":3,"featured_media":0,"parent":0,"menu_order":0,"comment_status":"closed","ping_status":"closed","template":"","meta":{"_acf_changed":false,"_s2mail":"","footnotes":""},"class_list":["post-4410","page","type-page","status-publish","hentry"],"acf":[],"yoast_head":"<!-- This site is optimized with the Yoast SEO plugin v27.5 - https:\/\/yoast.com\/product\/yoast-seo-wordpress\/ -->\n<title>Garnf\u00e4rbung - 7H F\u00e4rgeri - Garnf\u00e4rgning, Appretur, Beredning och styckf\u00e4rgning<\/title>\n<meta name=\"robots\" content=\"index, follow, max-snippet:-1, max-image-preview:large, max-video-preview:-1\" \/>\n<link rel=\"canonical\" href=\"https:\/\/www.7hfargeri.se\/de\/garnfaerbung\/\" \/>\n<meta property=\"og:locale\" content=\"de_DE\" \/>\n<meta property=\"og:type\" content=\"article\" \/>\n<meta property=\"og:title\" content=\"Garnf\u00e4rbung - 7H F\u00e4rgeri - Garnf\u00e4rgning, Appretur, Beredning och styckf\u00e4rgning\" \/>\n<meta property=\"og:description\" content=\"[vc_row row_type=&#8221;row&#8221; use_row_as_full_screen_section=&#8221;no&#8221; type=&#8221;full_width&#8221; text_align=&#8221;left&#8221; css=&#8221;.vc_custom_1488455119534{margin-top: 50px !important;margin-bottom: 50px !important;}&#8221;][vc_column][vc_column_text] Garnf\u00e4rbung [\/vc_column_text][\/vc_column][\/vc_row][vc_row row_type=&#8221;row&#8221; use_row_as_full_screen_section=&#8221;no&#8221; type=&#8221;full_width&#8221; text_align=&#8221;left&#8221; css=&#8221;.vc_custom_1488455035804{margin-top: 50px !important;}&#8221;][vc_column width=&#8221;1\/2&#8243;][vc_column_text]7H bietet Konen- und Haspelf\u00e4rbungen an. Unsere moderne Garnf\u00e4rbeanlage und die Zusammenarbeit mit Lieferanten und Hochschulen machen uns zu einem ganzheitlichen Kooperationspartner in der Garnf\u00e4rberei.\u00a0 Wir...\" \/>\n<meta property=\"og:url\" content=\"https:\/\/www.7hfargeri.se\/de\/garnfaerbung\/\" \/>\n<meta property=\"og:site_name\" content=\"7H F\u00e4rgeri - Garnf\u00e4rgning, Appretur, Beredning och styckf\u00e4rgning\" \/>\n<meta property=\"article:modified_time\" content=\"2021-02-09T13:20:26+00:00\" \/>\n<meta name=\"twitter:card\" content=\"summary_large_image\" \/>\n<meta name=\"twitter:label1\" content=\"Gesch\u00e4tzte Lesezeit\" \/>\n\t<meta name=\"twitter:data1\" content=\"1\u00a0Minute\" \/>\n<script type=\"application\/ld+json\" class=\"yoast-schema-graph\">{\"@context\":\"https:\\\/\\\/schema.org\",\"@graph\":[{\"@type\":\"WebPage\",\"@id\":\"https:\\\/\\\/www.7hfargeri.se\\\/de\\\/garnfaerbung\\\/\",\"url\":\"https:\\\/\\\/www.7hfargeri.se\\\/de\\\/garnfaerbung\\\/\",\"name\":\"Garnf\u00e4rbung - 7H F\u00e4rgeri - Garnf\u00e4rgning, Appretur, Beredning och styckf\u00e4rgning\",\"isPartOf\":{\"@id\":\"https:\\\/\\\/www.7hfargeri.se\\\/de\\\/#website\"},\"datePublished\":\"2021-02-09T13:17:26+00:00\",\"dateModified\":\"2021-02-09T13:20:26+00:00\",\"breadcrumb\":{\"@id\":\"https:\\\/\\\/www.7hfargeri.se\\\/de\\\/garnfaerbung\\\/#breadcrumb\"},\"inLanguage\":\"de\",\"potentialAction\":[{\"@type\":\"ReadAction\",\"target\":[\"https:\\\/\\\/www.7hfargeri.se\\\/de\\\/garnfaerbung\\\/\"]}]},{\"@type\":\"BreadcrumbList\",\"@id\":\"https:\\\/\\\/www.7hfargeri.se\\\/de\\\/garnfaerbung\\\/#breadcrumb\",\"itemListElement\":[{\"@type\":\"ListItem\",\"position\":1,\"name\":\"Hem\",\"item\":\"https:\\\/\\\/www.7hfargeri.se\\\/de\\\/zuhause\\\/\"},{\"@type\":\"ListItem\",\"position\":2,\"name\":\"Garnf\u00e4rbung\"}]},{\"@type\":\"WebSite\",\"@id\":\"https:\\\/\\\/www.7hfargeri.se\\\/de\\\/#website\",\"url\":\"https:\\\/\\\/www.7hfargeri.se\\\/de\\\/\",\"name\":\"7H F\u00e4rgeri - Garnf\u00e4rgning, Appretur, Beredning och styckf\u00e4rgning\",\"description\":\"\",\"publisher\":{\"@id\":\"https:\\\/\\\/www.7hfargeri.se\\\/de\\\/#organization\"},\"potentialAction\":[{\"@type\":\"SearchAction\",\"target\":{\"@type\":\"EntryPoint\",\"urlTemplate\":\"https:\\\/\\\/www.7hfargeri.se\\\/de\\\/?s={search_term_string}\"},\"query-input\":{\"@type\":\"PropertyValueSpecification\",\"valueRequired\":true,\"valueName\":\"search_term_string\"}}],\"inLanguage\":\"de\"},{\"@type\":\"Organization\",\"@id\":\"https:\\\/\\\/www.7hfargeri.se\\\/de\\\/#organization\",\"name\":\"7H F\u00e4rgeri - Garnf\u00e4rgning, Appretur, Beredning och styckf\u00e4rgning\",\"url\":\"https:\\\/\\\/www.7hfargeri.se\\\/de\\\/\",\"logo\":{\"@type\":\"ImageObject\",\"inLanguage\":\"de\",\"@id\":\"https:\\\/\\\/www.7hfargeri.se\\\/de\\\/#\\\/schema\\\/logo\\\/image\\\/\",\"url\":\"https:\\\/\\\/www.7hfargeri.se\\\/wp-content\\\/uploads\\\/2017\\\/02\\\/7hlogo-1.png\",\"contentUrl\":\"https:\\\/\\\/www.7hfargeri.se\\\/wp-content\\\/uploads\\\/2017\\\/02\\\/7hlogo-1.png\",\"width\":315,\"height\":67,\"caption\":\"7H F\u00e4rgeri - Garnf\u00e4rgning, Appretur, Beredning och styckf\u00e4rgning\"},\"image\":{\"@id\":\"https:\\\/\\\/www.7hfargeri.se\\\/de\\\/#\\\/schema\\\/logo\\\/image\\\/\"}}]}<\/script>\n<!-- \/ Yoast SEO plugin. -->","yoast_head_json":{"title":"Garnf\u00e4rbung - 7H F\u00e4rgeri - Garnf\u00e4rgning, Appretur, Beredning och styckf\u00e4rgning","robots":{"index":"index","follow":"follow","max-snippet":"max-snippet:-1","max-image-preview":"max-image-preview:large","max-video-preview":"max-video-preview:-1"},"canonical":"https:\/\/www.7hfargeri.se\/de\/garnfaerbung\/","og_locale":"de_DE","og_type":"article","og_title":"Garnf\u00e4rbung - 7H F\u00e4rgeri - Garnf\u00e4rgning, Appretur, Beredning och styckf\u00e4rgning","og_description":"[vc_row row_type=&#8221;row&#8221; use_row_as_full_screen_section=&#8221;no&#8221; type=&#8221;full_width&#8221; text_align=&#8221;left&#8221; css=&#8221;.vc_custom_1488455119534{margin-top: 50px !important;margin-bottom: 50px !important;}&#8221;][vc_column][vc_column_text] Garnf\u00e4rbung [\/vc_column_text][\/vc_column][\/vc_row][vc_row row_type=&#8221;row&#8221; use_row_as_full_screen_section=&#8221;no&#8221; type=&#8221;full_width&#8221; text_align=&#8221;left&#8221; css=&#8221;.vc_custom_1488455035804{margin-top: 50px !important;}&#8221;][vc_column width=&#8221;1\/2&#8243;][vc_column_text]7H bietet Konen- und Haspelf\u00e4rbungen an. Unsere moderne Garnf\u00e4rbeanlage und die Zusammenarbeit mit Lieferanten und Hochschulen machen uns zu einem ganzheitlichen Kooperationspartner in der Garnf\u00e4rberei.\u00a0 Wir...","og_url":"https:\/\/www.7hfargeri.se\/de\/garnfaerbung\/","og_site_name":"7H F\u00e4rgeri - Garnf\u00e4rgning, Appretur, Beredning och styckf\u00e4rgning","article_modified_time":"2021-02-09T13:20:26+00:00","twitter_card":"summary_large_image","twitter_misc":{"Gesch\u00e4tzte Lesezeit":"1\u00a0Minute"},"schema":{"@context":"https:\/\/schema.org","@graph":[{"@type":"WebPage","@id":"https:\/\/www.7hfargeri.se\/de\/garnfaerbung\/","url":"https:\/\/www.7hfargeri.se\/de\/garnfaerbung\/","name":"Garnf\u00e4rbung - 7H F\u00e4rgeri - Garnf\u00e4rgning, Appretur, Beredning och styckf\u00e4rgning","isPartOf":{"@id":"https:\/\/www.7hfargeri.se\/de\/#website"},"datePublished":"2021-02-09T13:17:26+00:00","dateModified":"2021-02-09T13:20:26+00:00","breadcrumb":{"@id":"https:\/\/www.7hfargeri.se\/de\/garnfaerbung\/#breadcrumb"},"inLanguage":"de","potentialAction":[{"@type":"ReadAction","target":["https:\/\/www.7hfargeri.se\/de\/garnfaerbung\/"]}]},{"@type":"BreadcrumbList","@id":"https:\/\/www.7hfargeri.se\/de\/garnfaerbung\/#breadcrumb","itemListElement":[{"@type":"ListItem","position":1,"name":"Hem","item":"https:\/\/www.7hfargeri.se\/de\/zuhause\/"},{"@type":"ListItem","position":2,"name":"Garnf\u00e4rbung"}]},{"@type":"WebSite","@id":"https:\/\/www.7hfargeri.se\/de\/#website","url":"https:\/\/www.7hfargeri.se\/de\/","name":"7H F\u00e4rgeri - Garnf\u00e4rgning, Appretur, Beredning och styckf\u00e4rgning","description":"","publisher":{"@id":"https:\/\/www.7hfargeri.se\/de\/#organization"},"potentialAction":[{"@type":"SearchAction","target":{"@type":"EntryPoint","urlTemplate":"https:\/\/www.7hfargeri.se\/de\/?s={search_term_string}"},"query-input":{"@type":"PropertyValueSpecification","valueRequired":true,"valueName":"search_term_string"}}],"inLanguage":"de"},{"@type":"Organization","@id":"https:\/\/www.7hfargeri.se\/de\/#organization","name":"7H F\u00e4rgeri - Garnf\u00e4rgning, Appretur, Beredning och styckf\u00e4rgning","url":"https:\/\/www.7hfargeri.se\/de\/","logo":{"@type":"ImageObject","inLanguage":"de","@id":"https:\/\/www.7hfargeri.se\/de\/#\/schema\/logo\/image\/","url":"https:\/\/www.7hfargeri.se\/wp-content\/uploads\/2017\/02\/7hlogo-1.png","contentUrl":"https:\/\/www.7hfargeri.se\/wp-content\/uploads\/2017\/02\/7hlogo-1.png","width":315,"height":67,"caption":"7H F\u00e4rgeri - Garnf\u00e4rgning, Appretur, Beredning och styckf\u00e4rgning"},"image":{"@id":"https:\/\/www.7hfargeri.se\/de\/#\/schema\/logo\/image\/"}}]}},"_links":{"self":[{"href":"https:\/\/www.7hfargeri.se\/de\/wp-json\/wp\/v2\/pages\/4410","targetHints":{"allow":["GET"]}}],"collection":[{"href":"https:\/\/www.7hfargeri.se\/de\/wp-json\/wp\/v2\/pages"}],"about":[{"href":"https:\/\/www.7hfargeri.se\/de\/wp-json\/wp\/v2\/types\/page"}],"author":[{"embeddable":true,"href":"https:\/\/www.7hfargeri.se\/de\/wp-json\/wp\/v2\/users\/3"}],"replies":[{"embeddable":true,"href":"https:\/\/www.7hfargeri.se\/de\/wp-json\/wp\/v2\/comments?post=4410"}],"version-history":[{"count":4,"href":"https:\/\/www.7hfargeri.se\/de\/wp-json\/wp\/v2\/pages\/4410\/revisions"}],"predecessor-version":[{"id":4414,"href":"https:\/\/www.7hfargeri.se\/de\/wp-json\/wp\/v2\/pages\/4410\/revisions\/4414"}],"wp:attachment":[{"href":"https:\/\/www.7hfargeri.se\/de\/wp-json\/wp\/v2\/media?parent=4410"}],"curies":[{"name":"wp","href":"https:\/\/api.w.org\/{rel}","templated":true}]}}