{"id":4245,"date":"2014-02-17T14:47:23","date_gmt":"2014-02-17T13:47:23","guid":{"rendered":"https:\/\/www.7hfargeri.se\/kontakt\/"},"modified":"2021-02-09T15:04:16","modified_gmt":"2021-02-09T14:04:16","slug":"kontakt","status":"publish","type":"page","link":"https:\/\/www.7hfargeri.se\/de\/kontakt\/","title":{"rendered":"Kontakt"},"content":{"rendered":"<div class=\"wpb-content-wrapper\"><p>[vc_row row_type=&#8221;row&#8221; use_row_as_full_screen_section=&#8221;no&#8221; type=&#8221;full_width&#8221; text_align=&#8221;left&#8221; css_animation=&#8221;appear&#8221; overlay_pattern_opacity=&#8221;50&#8243; margin_bottom=&#8221;0em&#8221;][vc_column][vc_gmaps link=&#8221;#E-8_aHR0cHMlM0ElMkYlMkZ3d3cuZ29vZ2xlLmNvbSUyRm1hcHMlMkZlbWJlZCUzRnBiJTNEJTIxMW0xOCUyMTFtMTIlMjExbTMlMjExZDIxNDIuMTQ1Mzk1MzU4NDQ4JTIxMmQxMi43Mjk4MTg0MTU5OTcxMDMlMjEzZDU3LjUyNjk0MDA2MTIzODklMjEybTMlMjExZjAlMjEyZjAlMjEzZjAlMjEzbTIlMjExaTEwMjQlMjEyaTc2OCUyMTRmMTMuMSUyMTNtMyUyMTFtMiUyMTFzMHg0NjUwMTAzZWZjMjZmNjdiJTI1M0EweDgwMDAyMjEwOGNhNGRmMSUyMTJzU2p1aCUyNUMzJTI1QTRyYWRzYnlnZGVucyUyQkYlMjVDMyUyNUE0cmdlcmklMkJBQiUyMTVlMCUyMTNtMiUyMTFzc3YlMjEyc3NlJTIxNHYxNDg3NzYxMDc1NjAw&#8221; size=&#8221;400&#8243; type=&#8221;m&#8221; zoom=&#8221;14&#8243; bubble=&#8221;1&#8243;][\/vc_column][\/vc_row][vc_row row_type=&#8221;row&#8221; use_row_as_full_screen_section=&#8221;no&#8221; type=&#8221;full_width&#8221; text_align=&#8221;left&#8221; css_animation=&#8221;bottom-to-top&#8221; overlay_pattern_opacity=&#8221;50&#8243; css=&#8221;.vc_custom_1487797619967{margin-top: 30px !important;margin-bottom: 30px !important;}&#8221;][vc_column width=&#8221;1\/2&#8243;]\n<div class=\"wpcf7 no-js\" id=\"wpcf7-f4425-o1\" lang=\"sv-SE\" dir=\"ltr\" data-wpcf7-id=\"4425\">\n<div class=\"screen-reader-response\"><p role=\"status\" aria-live=\"polite\" aria-atomic=\"true\"><\/p> <ul><\/ul><\/div>\n<form action=\"\/de\/wp-json\/wp\/v2\/pages\/4245#wpcf7-f4425-o1\" method=\"post\" class=\"wpcf7-form init default\" aria-label=\"Kontaktformul\u00e4r\" novalidate=\"novalidate\" data-status=\"init\">\n<fieldset class=\"hidden-fields-container\"><input type=\"hidden\" name=\"_wpcf7\" value=\"4425\" \/><input type=\"hidden\" name=\"_wpcf7_version\" value=\"6.1.5\" \/><input type=\"hidden\" name=\"_wpcf7_locale\" value=\"sv_SE\" \/><input type=\"hidden\" name=\"_wpcf7_unit_tag\" value=\"wpcf7-f4425-o1\" \/><input type=\"hidden\" name=\"_wpcf7_container_post\" value=\"0\" \/><input type=\"hidden\" name=\"_wpcf7_posted_data_hash\" value=\"\" \/><input type=\"hidden\" name=\"_wpcf7_recaptcha_response\" value=\"\" \/>\n<\/fieldset>\n<p><label> Name (Pflichtfeld)<br \/>\n<span class=\"wpcf7-form-control-wrap\" data-name=\"your-name\"><input size=\"40\" maxlength=\"400\" class=\"wpcf7-form-control wpcf7-text wpcf7-validates-as-required\" aria-required=\"true\" aria-invalid=\"false\" value=\"\" type=\"text\" name=\"your-name\" \/><\/span> <\/label>\n<\/p>\n<p><label> E-Mail (Pflichtfeld)<br \/>\n<span class=\"wpcf7-form-control-wrap\" data-name=\"your-email\"><input size=\"40\" maxlength=\"400\" class=\"wpcf7-form-control wpcf7-email wpcf7-validates-as-required wpcf7-text wpcf7-validates-as-email\" aria-required=\"true\" aria-invalid=\"false\" value=\"\" type=\"email\" name=\"your-email\" \/><\/span> <\/label>\n<\/p>\n<p><label> Betreff<br \/>\n<span class=\"wpcf7-form-control-wrap\" data-name=\"your-subject\"><input size=\"40\" maxlength=\"400\" class=\"wpcf7-form-control wpcf7-text\" aria-invalid=\"false\" value=\"\" type=\"text\" name=\"your-subject\" \/><\/span> <\/label>\n<\/p>\n<p><label> Ihre Nachricht<br \/>\n<span class=\"wpcf7-form-control-wrap\" data-name=\"your-message\"><textarea cols=\"40\" rows=\"10\" maxlength=\"2000\" class=\"wpcf7-form-control wpcf7-textarea\" aria-invalid=\"false\" name=\"your-message\"><\/textarea><\/span> <\/label>\n<\/p>\n<p><input class=\"wpcf7-form-control wpcf7-submit has-spinner\" type=\"submit\" value=\"SENDEN\" \/>\n<\/p><div class=\"wpcf7-response-output\" aria-hidden=\"true\"><\/div>\n<\/form>\n<\/div>\n[\/vc_column][vc_column width=&#8221;1\/2&#8243;][vc_row_inner row_type=&#8221;row&#8221; type=&#8221;full_width&#8221; use_row_as_full_screen_section_slide=&#8221;no&#8221; text_align=&#8221;left&#8221; css_animation=&#8221;&#8221;][vc_column_inner width=&#8221;1\/2&#8243;][vc_single_image image=&#8221;4208&#8243; img_size=&#8221;medium&#8221; qode_css_animation=&#8221;&#8221;][vc_column_text]<strong>Johan Engelmann<\/strong><br \/>\n<small>Vorsitzender der Gesch\u00e4ftsleitung\/Verkauf<\/small><br \/>\nProduktionsverantwortlicher<br \/>\n<a href=\"mailto:johan@7hfargeri.se\">johan@7hfargeri.se<\/a><br \/>\nDirekt: 0320-18469<br \/>\nZentrale: 0320-18450[\/vc_column_text][\/vc_column_inner][vc_column_inner width=&#8221;1\/2&#8243;][vc_single_image image=&#8221;4225&#8243; img_size=&#8221;medium&#8221; qode_css_animation=&#8221;&#8221;][vc_column_text]<strong>Peter Engelmann <\/strong><br \/>\n<small>Vorsitzender der Gesch\u00e4ftsleitung\/Finanzchef<\/small><br \/>\nEinkaufsleiter<br \/>\n<a href=\"mailto:peter@7hfargeri.se\">peter@7hfargeri.se<\/a><br \/>\nDirekt: 0320-18464<br \/>\nZentrale: 0320-18450[\/vc_column_text][\/vc_column_inner][\/vc_row_inner][vc_row_inner row_type=&#8221;row&#8221; type=&#8221;full_width&#8221; use_row_as_full_screen_section_slide=&#8221;no&#8221; text_align=&#8221;left&#8221; css_animation=&#8221;&#8221;][vc_column_inner width=&#8221;1\/2&#8243; css=&#8221;.vc_custom_1601294355950{margin-top: 30px !important;}&#8221;][vc_column_text]<strong>Samir Yazi <\/strong><br \/>\n<small>Produktion Garnf\u00e4rberei<\/small><br \/>\nVerarbeitung<br \/>\n<a href=\"mailto:samir@7hfargeri.se\">samir@7hfargeri.se<\/a><br \/>\nDirekt: 0320-18463<br \/>\nZentrale: 0320-18450[\/vc_column_text][\/vc_column_inner][vc_column_inner width=&#8221;1\/2&#8243; css=&#8221;.vc_custom_1601294362091{margin-top: 30px !important;}&#8221;][vc_single_image image=&#8221;4223&#8243; img_size=&#8221;medium&#8221; qode_css_animation=&#8221;&#8221;][vc_column_text]<strong>Ann-Kristin Berg<\/strong><br \/>\n<small>Produktion St\u00fcckf\u00e4rberei<\/small><br \/>\n<a href=\"mailto:annki@7hfargeri.se\">annki@7hfargeri.se<\/a><br \/>\nDirekt: 0320-18467<br \/>\nZentrale: 0320-18450[\/vc_column_text][\/vc_column_inner][\/vc_row_inner][\/vc_column][\/vc_row]<\/p>\n<\/div>","protected":false},"excerpt":{"rendered":"<p>[vc_row row_type=&#8221;row&#8221; use_row_as_full_screen_section=&#8221;no&#8221; type=&#8221;full_width&#8221; text_align=&#8221;left&#8221; css_animation=&#8221;appear&#8221; overlay_pattern_opacity=&#8221;50&#8243; margin_bottom=&#8221;0em&#8221;][vc_column][vc_gmaps link=&#8221;#E-8_aHR0cHMlM0ElMkYlMkZ3d3cuZ29vZ2xlLmNvbSUyRm1hcHMlMkZlbWJlZCUzRnBiJTNEJTIxMW0xOCUyMTFtMTIlMjExbTMlMjExZDIxNDIuMTQ1Mzk1MzU4NDQ4JTIxMmQxMi43Mjk4MTg0MTU5OTcxMDMlMjEzZDU3LjUyNjk0MDA2MTIzODklMjEybTMlMjExZjAlMjEyZjAlMjEzZjAlMjEzbTIlMjExaTEwMjQlMjEyaTc2OCUyMTRmMTMuMSUyMTNtMyUyMTFtMiUyMTFzMHg0NjUwMTAzZWZjMjZmNjdiJTI1M0EweDgwMDAyMjEwOGNhNGRmMSUyMTJzU2p1aCUyNUMzJTI1QTRyYWRzYnlnZGVucyUyQkYlMjVDMyUyNUE0cmdlcmklMkJBQiUyMTVlMCUyMTNtMiUyMTFzc3YlMjEyc3NlJTIxNHYxNDg3NzYxMDc1NjAw&#8221; size=&#8221;400&#8243; type=&#8221;m&#8221; zoom=&#8221;14&#8243; bubble=&#8221;1&#8243;][\/vc_column][\/vc_row][vc_row row_type=&#8221;row&#8221; use_row_as_full_screen_section=&#8221;no&#8221; type=&#8221;full_width&#8221; text_align=&#8221;left&#8221; css_animation=&#8221;bottom-to-top&#8221; overlay_pattern_opacity=&#8221;50&#8243; css=&#8221;.vc_custom_1487797619967{margin-top: 30px !important;margin-bottom: 30px !important;}&#8221;][vc_column width=&#8221;1\/2&#8243;][\/vc_column][vc_column width=&#8221;1\/2&#8243;][vc_row_inner row_type=&#8221;row&#8221; type=&#8221;full_width&#8221; use_row_as_full_screen_section_slide=&#8221;no&#8221; text_align=&#8221;left&#8221; css_animation=&#8221;&#8221;][vc_column_inner width=&#8221;1\/2&#8243;][vc_single_image image=&#8221;4208&#8243; img_size=&#8221;medium&#8221; qode_css_animation=&#8221;&#8221;][vc_column_text]Johan Engelmann Vorsitzender der Gesch\u00e4ftsleitung\/Verkauf Produktionsverantwortlicher johan@7hfargeri.se Direkt: 0320-18469 Zentrale: 0320-18450[\/vc_column_text][\/vc_column_inner][vc_column_inner&#8230;<\/p>\n","protected":false},"author":3,"featured_media":0,"parent":0,"menu_order":0,"comment_status":"closed","ping_status":"closed","template":"","meta":{"_acf_changed":false,"_s2mail":"","footnotes":""},"class_list":["post-4245","page","type-page","status-publish","hentry"],"acf":[],"yoast_head":"<!-- This site is optimized with the Yoast SEO plugin v27.4 - https:\/\/yoast.com\/product\/yoast-seo-wordpress\/ -->\n<title>Kontakt - 7H F\u00e4rgeri - Garnf\u00e4rgning, Appretur, Beredning och styckf\u00e4rgning<\/title>\n<meta name=\"robots\" content=\"index, follow, max-snippet:-1, max-image-preview:large, max-video-preview:-1\" \/>\n<link rel=\"canonical\" href=\"https:\/\/www.7hfargeri.se\/de\/kontakt\/\" \/>\n<meta property=\"og:locale\" content=\"de_DE\" \/>\n<meta property=\"og:type\" content=\"article\" \/>\n<meta property=\"og:title\" content=\"Kontakt - 7H F\u00e4rgeri - Garnf\u00e4rgning, Appretur, Beredning och styckf\u00e4rgning\" \/>\n<meta property=\"og:description\" content=\"[vc_row row_type=&#8221;row&#8221; use_row_as_full_screen_section=&#8221;no&#8221; type=&#8221;full_width&#8221; text_align=&#8221;left&#8221; css_animation=&#8221;appear&#8221; overlay_pattern_opacity=&#8221;50&#8243; margin_bottom=&#8221;0em&#8221;][vc_column][vc_gmaps link=&#8221;#E-8_aHR0cHMlM0ElMkYlMkZ3d3cuZ29vZ2xlLmNvbSUyRm1hcHMlMkZlbWJlZCUzRnBiJTNEJTIxMW0xOCUyMTFtMTIlMjExbTMlMjExZDIxNDIuMTQ1Mzk1MzU4NDQ4JTIxMmQxMi43Mjk4MTg0MTU5OTcxMDMlMjEzZDU3LjUyNjk0MDA2MTIzODklMjEybTMlMjExZjAlMjEyZjAlMjEzZjAlMjEzbTIlMjExaTEwMjQlMjEyaTc2OCUyMTRmMTMuMSUyMTNtMyUyMTFtMiUyMTFzMHg0NjUwMTAzZWZjMjZmNjdiJTI1M0EweDgwMDAyMjEwOGNhNGRmMSUyMTJzU2p1aCUyNUMzJTI1QTRyYWRzYnlnZGVucyUyQkYlMjVDMyUyNUE0cmdlcmklMkJBQiUyMTVlMCUyMTNtMiUyMTFzc3YlMjEyc3NlJTIxNHYxNDg3NzYxMDc1NjAw&#8221; size=&#8221;400&#8243; type=&#8221;m&#8221; zoom=&#8221;14&#8243; bubble=&#8221;1&#8243;][\/vc_column][\/vc_row][vc_row row_type=&#8221;row&#8221; use_row_as_full_screen_section=&#8221;no&#8221; type=&#8221;full_width&#8221; text_align=&#8221;left&#8221; css_animation=&#8221;bottom-to-top&#8221; overlay_pattern_opacity=&#8221;50&#8243; css=&#8221;.vc_custom_1487797619967{margin-top: 30px !important;margin-bottom: 30px !important;}&#8221;][vc_column width=&#8221;1\/2&#8243;][\/vc_column][vc_column width=&#8221;1\/2&#8243;][vc_row_inner row_type=&#8221;row&#8221; type=&#8221;full_width&#8221; use_row_as_full_screen_section_slide=&#8221;no&#8221; text_align=&#8221;left&#8221; css_animation=&#8221;&#8221;][vc_column_inner width=&#8221;1\/2&#8243;][vc_single_image image=&#8221;4208&#8243; img_size=&#8221;medium&#8221; qode_css_animation=&#8221;&#8221;][vc_column_text]Johan Engelmann Vorsitzender der Gesch\u00e4ftsleitung\/Verkauf Produktionsverantwortlicher johan@7hfargeri.se Direkt: 0320-18469 Zentrale: 0320-18450[\/vc_column_text][\/vc_column_inner][vc_column_inner...\" \/>\n<meta property=\"og:url\" content=\"https:\/\/www.7hfargeri.se\/de\/kontakt\/\" \/>\n<meta property=\"og:site_name\" content=\"7H F\u00e4rgeri - Garnf\u00e4rgning, Appretur, Beredning och styckf\u00e4rgning\" \/>\n<meta property=\"article:modified_time\" content=\"2021-02-09T14:04:16+00:00\" \/>\n<meta name=\"twitter:card\" content=\"summary_large_image\" \/>\n<meta name=\"twitter:label1\" content=\"Gesch\u00e4tzte Lesezeit\" \/>\n\t<meta name=\"twitter:data1\" content=\"2\u00a0Minuten\" \/>\n<script type=\"application\/ld+json\" class=\"yoast-schema-graph\">{\"@context\":\"https:\\\/\\\/schema.org\",\"@graph\":[{\"@type\":\"WebPage\",\"@id\":\"https:\\\/\\\/www.7hfargeri.se\\\/de\\\/kontakt\\\/\",\"url\":\"https:\\\/\\\/www.7hfargeri.se\\\/de\\\/kontakt\\\/\",\"name\":\"Kontakt - 7H F\u00e4rgeri - Garnf\u00e4rgning, Appretur, Beredning och styckf\u00e4rgning\",\"isPartOf\":{\"@id\":\"https:\\\/\\\/www.7hfargeri.se\\\/de\\\/#website\"},\"datePublished\":\"2014-02-17T13:47:23+00:00\",\"dateModified\":\"2021-02-09T14:04:16+00:00\",\"breadcrumb\":{\"@id\":\"https:\\\/\\\/www.7hfargeri.se\\\/de\\\/kontakt\\\/#breadcrumb\"},\"inLanguage\":\"de\",\"potentialAction\":[{\"@type\":\"ReadAction\",\"target\":[\"https:\\\/\\\/www.7hfargeri.se\\\/de\\\/kontakt\\\/\"]}]},{\"@type\":\"BreadcrumbList\",\"@id\":\"https:\\\/\\\/www.7hfargeri.se\\\/de\\\/kontakt\\\/#breadcrumb\",\"itemListElement\":[{\"@type\":\"ListItem\",\"position\":1,\"name\":\"Hem\",\"item\":\"https:\\\/\\\/www.7hfargeri.se\\\/de\\\/zuhause\\\/\"},{\"@type\":\"ListItem\",\"position\":2,\"name\":\"Kontakt\"}]},{\"@type\":\"WebSite\",\"@id\":\"https:\\\/\\\/www.7hfargeri.se\\\/de\\\/#website\",\"url\":\"https:\\\/\\\/www.7hfargeri.se\\\/de\\\/\",\"name\":\"7H F\u00e4rgeri - Garnf\u00e4rgning, Appretur, Beredning och styckf\u00e4rgning\",\"description\":\"\",\"publisher\":{\"@id\":\"https:\\\/\\\/www.7hfargeri.se\\\/de\\\/#organization\"},\"potentialAction\":[{\"@type\":\"SearchAction\",\"target\":{\"@type\":\"EntryPoint\",\"urlTemplate\":\"https:\\\/\\\/www.7hfargeri.se\\\/de\\\/?s={search_term_string}\"},\"query-input\":{\"@type\":\"PropertyValueSpecification\",\"valueRequired\":true,\"valueName\":\"search_term_string\"}}],\"inLanguage\":\"de\"},{\"@type\":\"Organization\",\"@id\":\"https:\\\/\\\/www.7hfargeri.se\\\/de\\\/#organization\",\"name\":\"7H F\u00e4rgeri - Garnf\u00e4rgning, Appretur, Beredning och styckf\u00e4rgning\",\"url\":\"https:\\\/\\\/www.7hfargeri.se\\\/de\\\/\",\"logo\":{\"@type\":\"ImageObject\",\"inLanguage\":\"de\",\"@id\":\"https:\\\/\\\/www.7hfargeri.se\\\/de\\\/#\\\/schema\\\/logo\\\/image\\\/\",\"url\":\"https:\\\/\\\/www.7hfargeri.se\\\/wp-content\\\/uploads\\\/2017\\\/02\\\/7hlogo-1.png\",\"contentUrl\":\"https:\\\/\\\/www.7hfargeri.se\\\/wp-content\\\/uploads\\\/2017\\\/02\\\/7hlogo-1.png\",\"width\":315,\"height\":67,\"caption\":\"7H F\u00e4rgeri - Garnf\u00e4rgning, Appretur, Beredning och styckf\u00e4rgning\"},\"image\":{\"@id\":\"https:\\\/\\\/www.7hfargeri.se\\\/de\\\/#\\\/schema\\\/logo\\\/image\\\/\"}}]}<\/script>\n<!-- \/ Yoast SEO plugin. -->","yoast_head_json":{"title":"Kontakt - 7H F\u00e4rgeri - Garnf\u00e4rgning, Appretur, Beredning och styckf\u00e4rgning","robots":{"index":"index","follow":"follow","max-snippet":"max-snippet:-1","max-image-preview":"max-image-preview:large","max-video-preview":"max-video-preview:-1"},"canonical":"https:\/\/www.7hfargeri.se\/de\/kontakt\/","og_locale":"de_DE","og_type":"article","og_title":"Kontakt - 7H F\u00e4rgeri - Garnf\u00e4rgning, Appretur, Beredning och styckf\u00e4rgning","og_description":"[vc_row row_type=&#8221;row&#8221; use_row_as_full_screen_section=&#8221;no&#8221; type=&#8221;full_width&#8221; text_align=&#8221;left&#8221; css_animation=&#8221;appear&#8221; overlay_pattern_opacity=&#8221;50&#8243; margin_bottom=&#8221;0em&#8221;][vc_column][vc_gmaps link=&#8221;#E-8_aHR0cHMlM0ElMkYlMkZ3d3cuZ29vZ2xlLmNvbSUyRm1hcHMlMkZlbWJlZCUzRnBiJTNEJTIxMW0xOCUyMTFtMTIlMjExbTMlMjExZDIxNDIuMTQ1Mzk1MzU4NDQ4JTIxMmQxMi43Mjk4MTg0MTU5OTcxMDMlMjEzZDU3LjUyNjk0MDA2MTIzODklMjEybTMlMjExZjAlMjEyZjAlMjEzZjAlMjEzbTIlMjExaTEwMjQlMjEyaTc2OCUyMTRmMTMuMSUyMTNtMyUyMTFtMiUyMTFzMHg0NjUwMTAzZWZjMjZmNjdiJTI1M0EweDgwMDAyMjEwOGNhNGRmMSUyMTJzU2p1aCUyNUMzJTI1QTRyYWRzYnlnZGVucyUyQkYlMjVDMyUyNUE0cmdlcmklMkJBQiUyMTVlMCUyMTNtMiUyMTFzc3YlMjEyc3NlJTIxNHYxNDg3NzYxMDc1NjAw&#8221; size=&#8221;400&#8243; type=&#8221;m&#8221; zoom=&#8221;14&#8243; bubble=&#8221;1&#8243;][\/vc_column][\/vc_row][vc_row row_type=&#8221;row&#8221; use_row_as_full_screen_section=&#8221;no&#8221; type=&#8221;full_width&#8221; text_align=&#8221;left&#8221; css_animation=&#8221;bottom-to-top&#8221; overlay_pattern_opacity=&#8221;50&#8243; css=&#8221;.vc_custom_1487797619967{margin-top: 30px !important;margin-bottom: 30px !important;}&#8221;][vc_column width=&#8221;1\/2&#8243;][\/vc_column][vc_column width=&#8221;1\/2&#8243;][vc_row_inner row_type=&#8221;row&#8221; type=&#8221;full_width&#8221; use_row_as_full_screen_section_slide=&#8221;no&#8221; text_align=&#8221;left&#8221; css_animation=&#8221;&#8221;][vc_column_inner width=&#8221;1\/2&#8243;][vc_single_image image=&#8221;4208&#8243; img_size=&#8221;medium&#8221; qode_css_animation=&#8221;&#8221;][vc_column_text]Johan Engelmann Vorsitzender der Gesch\u00e4ftsleitung\/Verkauf Produktionsverantwortlicher johan@7hfargeri.se Direkt: 0320-18469 Zentrale: 0320-18450[\/vc_column_text][\/vc_column_inner][vc_column_inner...","og_url":"https:\/\/www.7hfargeri.se\/de\/kontakt\/","og_site_name":"7H F\u00e4rgeri - Garnf\u00e4rgning, Appretur, Beredning och styckf\u00e4rgning","article_modified_time":"2021-02-09T14:04:16+00:00","twitter_card":"summary_large_image","twitter_misc":{"Gesch\u00e4tzte Lesezeit":"2\u00a0Minuten"},"schema":{"@context":"https:\/\/schema.org","@graph":[{"@type":"WebPage","@id":"https:\/\/www.7hfargeri.se\/de\/kontakt\/","url":"https:\/\/www.7hfargeri.se\/de\/kontakt\/","name":"Kontakt - 7H F\u00e4rgeri - Garnf\u00e4rgning, Appretur, Beredning och styckf\u00e4rgning","isPartOf":{"@id":"https:\/\/www.7hfargeri.se\/de\/#website"},"datePublished":"2014-02-17T13:47:23+00:00","dateModified":"2021-02-09T14:04:16+00:00","breadcrumb":{"@id":"https:\/\/www.7hfargeri.se\/de\/kontakt\/#breadcrumb"},"inLanguage":"de","potentialAction":[{"@type":"ReadAction","target":["https:\/\/www.7hfargeri.se\/de\/kontakt\/"]}]},{"@type":"BreadcrumbList","@id":"https:\/\/www.7hfargeri.se\/de\/kontakt\/#breadcrumb","itemListElement":[{"@type":"ListItem","position":1,"name":"Hem","item":"https:\/\/www.7hfargeri.se\/de\/zuhause\/"},{"@type":"ListItem","position":2,"name":"Kontakt"}]},{"@type":"WebSite","@id":"https:\/\/www.7hfargeri.se\/de\/#website","url":"https:\/\/www.7hfargeri.se\/de\/","name":"7H F\u00e4rgeri - Garnf\u00e4rgning, Appretur, Beredning och styckf\u00e4rgning","description":"","publisher":{"@id":"https:\/\/www.7hfargeri.se\/de\/#organization"},"potentialAction":[{"@type":"SearchAction","target":{"@type":"EntryPoint","urlTemplate":"https:\/\/www.7hfargeri.se\/de\/?s={search_term_string}"},"query-input":{"@type":"PropertyValueSpecification","valueRequired":true,"valueName":"search_term_string"}}],"inLanguage":"de"},{"@type":"Organization","@id":"https:\/\/www.7hfargeri.se\/de\/#organization","name":"7H F\u00e4rgeri - Garnf\u00e4rgning, Appretur, Beredning och styckf\u00e4rgning","url":"https:\/\/www.7hfargeri.se\/de\/","logo":{"@type":"ImageObject","inLanguage":"de","@id":"https:\/\/www.7hfargeri.se\/de\/#\/schema\/logo\/image\/","url":"https:\/\/www.7hfargeri.se\/wp-content\/uploads\/2017\/02\/7hlogo-1.png","contentUrl":"https:\/\/www.7hfargeri.se\/wp-content\/uploads\/2017\/02\/7hlogo-1.png","width":315,"height":67,"caption":"7H F\u00e4rgeri - Garnf\u00e4rgning, Appretur, Beredning och styckf\u00e4rgning"},"image":{"@id":"https:\/\/www.7hfargeri.se\/de\/#\/schema\/logo\/image\/"}}]}},"_links":{"self":[{"href":"https:\/\/www.7hfargeri.se\/de\/wp-json\/wp\/v2\/pages\/4245","targetHints":{"allow":["GET"]}}],"collection":[{"href":"https:\/\/www.7hfargeri.se\/de\/wp-json\/wp\/v2\/pages"}],"about":[{"href":"https:\/\/www.7hfargeri.se\/de\/wp-json\/wp\/v2\/types\/page"}],"author":[{"embeddable":true,"href":"https:\/\/www.7hfargeri.se\/de\/wp-json\/wp\/v2\/users\/3"}],"replies":[{"embeddable":true,"href":"https:\/\/www.7hfargeri.se\/de\/wp-json\/wp\/v2\/comments?post=4245"}],"version-history":[{"count":6,"href":"https:\/\/www.7hfargeri.se\/de\/wp-json\/wp\/v2\/pages\/4245\/revisions"}],"predecessor-version":[{"id":4442,"href":"https:\/\/www.7hfargeri.se\/de\/wp-json\/wp\/v2\/pages\/4245\/revisions\/4442"}],"wp:attachment":[{"href":"https:\/\/www.7hfargeri.se\/de\/wp-json\/wp\/v2\/media?parent=4245"}],"curies":[{"name":"wp","href":"https:\/\/api.w.org\/{rel}","templated":true}]}}